{"id":11551,"date":"2020-03-23T18:40:48","date_gmt":"2020-03-23T17:40:48","guid":{"rendered":"https:\/\/meriller-vapeur.fr\/wp3\/?page_id=11551"},"modified":"2020-03-23T18:40:48","modified_gmt":"2020-03-23T17:40:48","slug":"travaux-sur-mon-reseau-par-pierre-perrier","status":"publish","type":"page","link":"https:\/\/meriller-vapeur.fr\/wp3\/?page_id=11551","title":{"rendered":"Travaux sur mon r\u00e9seau, par Pierre Perrier&#8230;"},"content":{"rendered":"<p>Voici deux clich\u00e9s du R\u00e9seau de notre \u00ab\u00a0PP\u00a0\u00bb (Pr\u00e9sident pr\u00e9f\u00e9r\u00e9\u2026) faisant le point sur l\u2019avancement de son r\u00e9seau personnel.<\/p>\n<p><a href=\"https:\/\/meriller-vapeur.fr\/wp3\/wp-content\/uploads\/2020\/03\/20200322_163837.jpg\"><img loading=\"lazy\" decoding=\"async\" class=\"alignleft size-full wp-image-11552\" src=\"https:\/\/meriller-vapeur.fr\/wp3\/wp-content\/uploads\/2020\/03\/20200322_163837.jpg\" alt=\"\" width=\"1600\" height=\"1200\" srcset=\"https:\/\/meriller-vapeur.fr\/wp3\/wp-content\/uploads\/2020\/03\/20200322_163837.jpg 1600w, https:\/\/meriller-vapeur.fr\/wp3\/wp-content\/uploads\/2020\/03\/20200322_163837-300x225.jpg 300w, https:\/\/meriller-vapeur.fr\/wp3\/wp-content\/uploads\/2020\/03\/20200322_163837-1024x768.jpg 1024w, https:\/\/meriller-vapeur.fr\/wp3\/wp-content\/uploads\/2020\/03\/20200322_163837-768x576.jpg 768w, https:\/\/meriller-vapeur.fr\/wp3\/wp-content\/uploads\/2020\/03\/20200322_163837-1536x1152.jpg 1536w\" sizes=\"auto, (max-width: 1600px) 100vw, 1600px\" \/><\/a> <a href=\"https:\/\/meriller-vapeur.fr\/wp3\/wp-content\/uploads\/2020\/03\/20200322_164009.jpg\"><img loading=\"lazy\" decoding=\"async\" class=\"alignleft size-full wp-image-11553\" src=\"https:\/\/meriller-vapeur.fr\/wp3\/wp-content\/uploads\/2020\/03\/20200322_164009.jpg\" alt=\"\" width=\"1600\" height=\"2133\" srcset=\"https:\/\/meriller-vapeur.fr\/wp3\/wp-content\/uploads\/2020\/03\/20200322_164009.jpg 1600w, https:\/\/meriller-vapeur.fr\/wp3\/wp-content\/uploads\/2020\/03\/20200322_164009-225x300.jpg 225w, https:\/\/meriller-vapeur.fr\/wp3\/wp-content\/uploads\/2020\/03\/20200322_164009-768x1024.jpg 768w, https:\/\/meriller-vapeur.fr\/wp3\/wp-content\/uploads\/2020\/03\/20200322_164009-1152x1536.jpg 1152w, https:\/\/meriller-vapeur.fr\/wp3\/wp-content\/uploads\/2020\/03\/20200322_164009-1536x2048.jpg 1536w\" sizes=\"auto, (max-width: 1600px) 100vw, 1600px\" \/><\/a><\/p>\n<p>je vous laisse regarder\u2026<\/p>\n<pre>Mise en ligne du 23-03-2020<\/pre>\n<div class=\"pvc_clear\"><\/div>\n<p id=\"pvc_stats_11551\" class=\"pvc_stats all  \" data-element-id=\"11551\" style=\"\"><i class=\"pvc-stats-icon medium\" aria-hidden=\"true\"><svg aria-hidden=\"true\" focusable=\"false\" data-prefix=\"far\" data-icon=\"chart-bar\" role=\"img\" xmlns=\"http:\/\/www.w3.org\/2000\/svg\" viewBox=\"0 0 512 512\" class=\"svg-inline--fa fa-chart-bar fa-w-16 fa-2x\"><path fill=\"currentColor\" d=\"M396.8 352h22.4c6.4 0 12.8-6.4 12.8-12.8V108.8c0-6.4-6.4-12.8-12.8-12.8h-22.4c-6.4 0-12.8 6.4-12.8 12.8v230.4c0 6.4 6.4 12.8 12.8 12.8zm-192 0h22.4c6.4 0 12.8-6.4 12.8-12.8V140.8c0-6.4-6.4-12.8-12.8-12.8h-22.4c-6.4 0-12.8 6.4-12.8 12.8v198.4c0 6.4 6.4 12.8 12.8 12.8zm96 0h22.4c6.4 0 12.8-6.4 12.8-12.8V204.8c0-6.4-6.4-12.8-12.8-12.8h-22.4c-6.4 0-12.8 6.4-12.8 12.8v134.4c0 6.4 6.4 12.8 12.8 12.8zM496 400H48V80c0-8.84-7.16-16-16-16H16C7.16 64 0 71.16 0 80v336c0 17.67 14.33 32 32 32h464c8.84 0 16-7.16 16-16v-16c0-8.84-7.16-16-16-16zm-387.2-48h22.4c6.4 0 12.8-6.4 12.8-12.8v-70.4c0-6.4-6.4-12.8-12.8-12.8h-22.4c-6.4 0-12.8 6.4-12.8 12.8v70.4c0 6.4 6.4 12.8 12.8 12.8z\" class=\"\"><\/path><\/svg><\/i> <img loading=\"lazy\" decoding=\"async\" width=\"16\" height=\"16\" alt=\"Loading\" src=\"https:\/\/meriller-vapeur.fr\/wp3\/wp-content\/plugins\/page-views-count\/ajax-loader-2x.gif\" border=0 \/><\/p>\n<div class=\"pvc_clear\"><\/div>\n","protected":false},"excerpt":{"rendered":"<p>Voici deux clich\u00e9s du R\u00e9seau de notre \u00ab\u00a0PP\u00a0\u00bb (Pr\u00e9sident pr\u00e9f\u00e9r\u00e9\u2026) faisant le point sur l\u2019avancement de son r\u00e9seau personnel. je vous laisse regarder\u2026 Mise en ligne du 23-03-2020<\/p>\n<div class=\"pvc_clear\"><\/div>\n<p id=\"pvc_stats_11551\" class=\"pvc_stats all  \" data-element-id=\"11551\" style=\"\"><i class=\"pvc-stats-icon medium\" aria-hidden=\"true\"><svg aria-hidden=\"true\" focusable=\"false\" data-prefix=\"far\" data-icon=\"chart-bar\" role=\"img\" xmlns=\"http:\/\/www.w3.org\/2000\/svg\" viewBox=\"0 0 512 512\" class=\"svg-inline--fa fa-chart-bar fa-w-16 fa-2x\"><path fill=\"currentColor\" d=\"M396.8 352h22.4c6.4 0 12.8-6.4 12.8-12.8V108.8c0-6.4-6.4-12.8-12.8-12.8h-22.4c-6.4 0-12.8 6.4-12.8 12.8v230.4c0 6.4 6.4 12.8 12.8 12.8zm-192 0h22.4c6.4 0 12.8-6.4 12.8-12.8V140.8c0-6.4-6.4-12.8-12.8-12.8h-22.4c-6.4 0-12.8 6.4-12.8 12.8v198.4c0 6.4 6.4 12.8 12.8 12.8zm96 0h22.4c6.4 0 12.8-6.4 12.8-12.8V204.8c0-6.4-6.4-12.8-12.8-12.8h-22.4c-6.4 0-12.8 6.4-12.8 12.8v134.4c0 6.4 6.4 12.8 12.8 12.8zM496 400H48V80c0-8.84-7.16-16-16-16H16C7.16 64 0 71.16 0 80v336c0 17.67 14.33 32 32 32h464c8.84 0 16-7.16 16-16v-16c0-8.84-7.16-16-16-16zm-387.2-48h22.4c6.4 0 12.8-6.4 12.8-12.8v-70.4c0-6.4-6.4-12.8-12.8-12.8h-22.4c-6.4 0-12.8 6.4-12.8 12.8v70.4c0 6.4 6.4 12.8 12.8 12.8z\" class=\"\"><\/path><\/svg><\/i> <img loading=\"lazy\" decoding=\"async\" width=\"16\" height=\"16\" alt=\"Loading\" src=\"https:\/\/meriller-vapeur.fr\/wp3\/wp-content\/plugins\/page-views-count\/ajax-loader-2x.gif\" border=0 \/><\/p>\n<div class=\"pvc_clear\"><\/div>\n","protected":false},"author":1,"featured_media":0,"parent":0,"menu_order":0,"comment_status":"closed","ping_status":"closed","template":"","meta":{"footnotes":""},"class_list":["post-11551","page","type-page","status-publish","hentry"],"a3_pvc":{"activated":true,"total_views":96,"today_views":0},"_links":{"self":[{"href":"https:\/\/meriller-vapeur.fr\/wp3\/index.php?rest_route=\/wp\/v2\/pages\/11551","targetHints":{"allow":["GET"]}}],"collection":[{"href":"https:\/\/meriller-vapeur.fr\/wp3\/index.php?rest_route=\/wp\/v2\/pages"}],"about":[{"href":"https:\/\/meriller-vapeur.fr\/wp3\/index.php?rest_route=\/wp\/v2\/types\/page"}],"author":[{"embeddable":true,"href":"https:\/\/meriller-vapeur.fr\/wp3\/index.php?rest_route=\/wp\/v2\/users\/1"}],"replies":[{"embeddable":true,"href":"https:\/\/meriller-vapeur.fr\/wp3\/index.php?rest_route=%2Fwp%2Fv2%2Fcomments&post=11551"}],"version-history":[{"count":0,"href":"https:\/\/meriller-vapeur.fr\/wp3\/index.php?rest_route=\/wp\/v2\/pages\/11551\/revisions"}],"wp:attachment":[{"href":"https:\/\/meriller-vapeur.fr\/wp3\/index.php?rest_route=%2Fwp%2Fv2%2Fmedia&parent=11551"}],"curies":[{"name":"wp","href":"https:\/\/api.w.org\/{rel}","templated":true}]}}