{"id":11360,"date":"2020-01-28T17:26:57","date_gmt":"2020-01-28T16:26:57","guid":{"rendered":"https:\/\/meriller-vapeur.fr\/wp3\/?page_id=11360"},"modified":"2020-01-28T19:09:49","modified_gmt":"2020-01-28T18:09:49","slug":"train-de-reprofilage-des-rails","status":"publish","type":"page","link":"https:\/\/meriller-vapeur.fr\/wp3\/?page_id=11360","title":{"rendered":"Train de reprofilage des rails par un \u00ab\u00a0Ours\u00a0\u00bb tr\u00e8s particulier&#8230;"},"content":{"rendered":"<p>Un envoi de notre reporter de la semaine, Fr\u00e9d\u00e9rique :<\/p>\n<p>\u00ab\u00a0<em>Bonjour<\/em><br \/>\n<em>Voici quelques photos du passage d\u2019un \u00ab\u00a0nouveau train\u00a0\u00bb&#8230;<\/em><br \/>\n<em>\u2026 le bonjour \u00e0 toute l\u2019\u00e9quipe de M\u00e9riller.<\/em><br \/>\n<em>Fr\u00e9d\u00e9rique<\/em>\u00a0\u00bb<br \/>\nIl s\u2019agit d\u2019un Train meuleur de rails, en transit, en gare d&rsquo;Agonac le 26 janvier 2020, appartient \u00e0\u00a0 l&rsquo;entreprise Suisse Scheuchzer, un <strong>sous-traitant\u00a0 Suisse<\/strong> qui meule les rails sur pour le compte de la SNCF sur le R\u00e9seau national, et \u00e9galement pour d&rsquo;autres pays.<\/p>\n<p>LE <strong>BLASON<\/strong> :\u00a0 un grizzly en train de polir les rails avec ses griffes&#8230;<\/p>\n<p><em><strong>Ce train de travaux<\/strong><\/em>\u00a0est destin\u00e9 \u00e0 assurer le reprofilage des rails us\u00e9s de mani\u00e8re \u00e0 leur redonner une surface lisse et sans d\u00e9formations, g\u00e9n\u00e9ratrices de vibrations au passage des trains.<\/p>\n<p><strong><a href=\"https:\/\/www.generalecostruzioniferroviarie.com\/fr\/gcf-actualites\/annee-2019\/154-un-grizzly-pour-la-securite-des-voies\" target=\"_blank\" rel=\"noopener noreferrer\">Voir le SITE du CONSTRUCTEUR Scheuchzer<\/a>\u00a0<\/strong>de ce mat\u00e9riel tr\u00e8s particulier.<\/p>\n<p>Une<strong><a href=\"https:\/\/www.youtube.com\/watch?v=ht0m0ycoPPg\" target=\"_blank\" rel=\"noopener noreferrer\"> animation sur Youtube<\/a><\/strong> explique le proc\u00e9d\u00e9.<\/p>\n\n\t\t<style type=\"text\/css\">\n\t\t\t#gallery-1 {\n\t\t\t\tmargin: auto;\n\t\t\t}\n\t\t\t#gallery-1 .gallery-item {\n\t\t\t\tfloat: left;\n\t\t\t\tmargin-top: 10px;\n\t\t\t\ttext-align: center;\n\t\t\t\twidth: 50%;\n\t\t\t}\n\t\t\t#gallery-1 img {\n\t\t\t\tborder: 2px solid #cfcfcf;\n\t\t\t}\n\t\t\t#gallery-1 .gallery-caption {\n\t\t\t\tmargin-left: 0;\n\t\t\t}\n\t\t\t\/* see gallery_shortcode() in wp-includes\/media.php *\/\n\t\t<\/style>\n\t\t<div id='gallery-1' class='gallery galleryid-11360 gallery-columns-2 gallery-size-medium'><dl class='gallery-item'>\n\t\t\t<dt class='gallery-icon landscape'>\n\t\t\t\t<a href='https:\/\/meriller-vapeur.fr\/wp3\/?attachment_id=11364'><img loading=\"lazy\" decoding=\"async\" width=\"300\" height=\"225\" src=\"https:\/\/meriller-vapeur.fr\/wp3\/wp-content\/uploads\/2020\/01\/IMG_0969-300x225.jpg\" class=\"attachment-medium size-medium\" alt=\"\" srcset=\"https:\/\/meriller-vapeur.fr\/wp3\/wp-content\/uploads\/2020\/01\/IMG_0969-300x225.jpg 300w, https:\/\/meriller-vapeur.fr\/wp3\/wp-content\/uploads\/2020\/01\/IMG_0969-1024x768.jpg 1024w, https:\/\/meriller-vapeur.fr\/wp3\/wp-content\/uploads\/2020\/01\/IMG_0969-768x576.jpg 768w, https:\/\/meriller-vapeur.fr\/wp3\/wp-content\/uploads\/2020\/01\/IMG_0969-1536x1152.jpg 1536w, https:\/\/meriller-vapeur.fr\/wp3\/wp-content\/uploads\/2020\/01\/IMG_0969.jpg 1600w\" sizes=\"auto, (max-width: 300px) 100vw, 300px\" \/><\/a>\n\t\t\t<\/dt><\/dl><dl class='gallery-item'>\n\t\t\t<dt class='gallery-icon landscape'>\n\t\t\t\t<a href='https:\/\/meriller-vapeur.fr\/wp3\/?attachment_id=11365'><img loading=\"lazy\" decoding=\"async\" width=\"300\" height=\"225\" src=\"https:\/\/meriller-vapeur.fr\/wp3\/wp-content\/uploads\/2020\/01\/IMG_0970-300x225.jpg\" class=\"attachment-medium size-medium\" alt=\"\" srcset=\"https:\/\/meriller-vapeur.fr\/wp3\/wp-content\/uploads\/2020\/01\/IMG_0970-300x225.jpg 300w, https:\/\/meriller-vapeur.fr\/wp3\/wp-content\/uploads\/2020\/01\/IMG_0970-1024x768.jpg 1024w, https:\/\/meriller-vapeur.fr\/wp3\/wp-content\/uploads\/2020\/01\/IMG_0970-768x576.jpg 768w, https:\/\/meriller-vapeur.fr\/wp3\/wp-content\/uploads\/2020\/01\/IMG_0970-1536x1152.jpg 1536w, https:\/\/meriller-vapeur.fr\/wp3\/wp-content\/uploads\/2020\/01\/IMG_0970.jpg 1600w\" sizes=\"auto, (max-width: 300px) 100vw, 300px\" \/><\/a>\n\t\t\t<\/dt><\/dl><br style=\"clear: both\" \/><dl class='gallery-item'>\n\t\t\t<dt class='gallery-icon portrait'>\n\t\t\t\t<a href='https:\/\/meriller-vapeur.fr\/wp3\/?attachment_id=11366'><img loading=\"lazy\" decoding=\"async\" width=\"225\" height=\"300\" src=\"https:\/\/meriller-vapeur.fr\/wp3\/wp-content\/uploads\/2020\/01\/IMG_0971-225x300.jpg\" class=\"attachment-medium size-medium\" alt=\"\" srcset=\"https:\/\/meriller-vapeur.fr\/wp3\/wp-content\/uploads\/2020\/01\/IMG_0971-225x300.jpg 225w, https:\/\/meriller-vapeur.fr\/wp3\/wp-content\/uploads\/2020\/01\/IMG_0971-768x1024.jpg 768w, https:\/\/meriller-vapeur.fr\/wp3\/wp-content\/uploads\/2020\/01\/IMG_0971-1152x1536.jpg 1152w, https:\/\/meriller-vapeur.fr\/wp3\/wp-content\/uploads\/2020\/01\/IMG_0971-1536x2048.jpg 1536w, https:\/\/meriller-vapeur.fr\/wp3\/wp-content\/uploads\/2020\/01\/IMG_0971.jpg 1600w\" sizes=\"auto, (max-width: 225px) 100vw, 225px\" \/><\/a>\n\t\t\t<\/dt><\/dl><dl class='gallery-item'>\n\t\t\t<dt class='gallery-icon portrait'>\n\t\t\t\t<a href='https:\/\/meriller-vapeur.fr\/wp3\/?attachment_id=11367'><img loading=\"lazy\" decoding=\"async\" width=\"225\" height=\"300\" src=\"https:\/\/meriller-vapeur.fr\/wp3\/wp-content\/uploads\/2020\/01\/IMG_0972-225x300.jpg\" class=\"attachment-medium size-medium\" alt=\"\" srcset=\"https:\/\/meriller-vapeur.fr\/wp3\/wp-content\/uploads\/2020\/01\/IMG_0972-225x300.jpg 225w, https:\/\/meriller-vapeur.fr\/wp3\/wp-content\/uploads\/2020\/01\/IMG_0972-768x1024.jpg 768w, https:\/\/meriller-vapeur.fr\/wp3\/wp-content\/uploads\/2020\/01\/IMG_0972-1152x1536.jpg 1152w, https:\/\/meriller-vapeur.fr\/wp3\/wp-content\/uploads\/2020\/01\/IMG_0972-1536x2048.jpg 1536w, https:\/\/meriller-vapeur.fr\/wp3\/wp-content\/uploads\/2020\/01\/IMG_0972.jpg 1600w\" sizes=\"auto, (max-width: 225px) 100vw, 225px\" \/><\/a>\n\t\t\t<\/dt><\/dl><br style=\"clear: both\" \/>\n\t\t<\/div>\n\n<div class=\"pvc_clear\"><\/div>\n<p id=\"pvc_stats_11360\" class=\"pvc_stats all  \" data-element-id=\"11360\" style=\"\"><i class=\"pvc-stats-icon medium\" aria-hidden=\"true\"><svg aria-hidden=\"true\" focusable=\"false\" data-prefix=\"far\" data-icon=\"chart-bar\" role=\"img\" xmlns=\"http:\/\/www.w3.org\/2000\/svg\" viewBox=\"0 0 512 512\" class=\"svg-inline--fa fa-chart-bar fa-w-16 fa-2x\"><path fill=\"currentColor\" d=\"M396.8 352h22.4c6.4 0 12.8-6.4 12.8-12.8V108.8c0-6.4-6.4-12.8-12.8-12.8h-22.4c-6.4 0-12.8 6.4-12.8 12.8v230.4c0 6.4 6.4 12.8 12.8 12.8zm-192 0h22.4c6.4 0 12.8-6.4 12.8-12.8V140.8c0-6.4-6.4-12.8-12.8-12.8h-22.4c-6.4 0-12.8 6.4-12.8 12.8v198.4c0 6.4 6.4 12.8 12.8 12.8zm96 0h22.4c6.4 0 12.8-6.4 12.8-12.8V204.8c0-6.4-6.4-12.8-12.8-12.8h-22.4c-6.4 0-12.8 6.4-12.8 12.8v134.4c0 6.4 6.4 12.8 12.8 12.8zM496 400H48V80c0-8.84-7.16-16-16-16H16C7.16 64 0 71.16 0 80v336c0 17.67 14.33 32 32 32h464c8.84 0 16-7.16 16-16v-16c0-8.84-7.16-16-16-16zm-387.2-48h22.4c6.4 0 12.8-6.4 12.8-12.8v-70.4c0-6.4-6.4-12.8-12.8-12.8h-22.4c-6.4 0-12.8 6.4-12.8 12.8v70.4c0 6.4 6.4 12.8 12.8 12.8z\" class=\"\"><\/path><\/svg><\/i> <img loading=\"lazy\" decoding=\"async\" width=\"16\" height=\"16\" alt=\"Loading\" src=\"https:\/\/meriller-vapeur.fr\/wp3\/wp-content\/plugins\/page-views-count\/ajax-loader-2x.gif\" border=0 \/><\/p>\n<div class=\"pvc_clear\"><\/div>\n","protected":false},"excerpt":{"rendered":"<p>Un envoi de notre reporter de la semaine, Fr\u00e9d\u00e9rique : \u00ab\u00a0Bonjour Voici quelques photos du passage d\u2019un \u00ab\u00a0nouveau train\u00a0\u00bb&#8230; \u2026 le bonjour \u00e0 toute l\u2019\u00e9quipe de M\u00e9riller. Fr\u00e9d\u00e9rique\u00a0\u00bb Il s\u2019agit d\u2019un Train meuleur de rails, en transit, en gare d&rsquo;Agonac le 26 janvier 2020, appartient \u00e0\u00a0 l&rsquo;entreprise Suisse Scheuchzer, un sous-traitant\u00a0 Suisse qui meule les\u2026 <span class=\"read-more\"><a href=\"https:\/\/meriller-vapeur.fr\/wp3\/?page_id=11360\">Read More &raquo;<\/a><\/span><\/p>\n<div class=\"pvc_clear\"><\/div>\n<p id=\"pvc_stats_11360\" class=\"pvc_stats all  \" data-element-id=\"11360\" style=\"\"><i class=\"pvc-stats-icon medium\" aria-hidden=\"true\"><svg aria-hidden=\"true\" focusable=\"false\" data-prefix=\"far\" data-icon=\"chart-bar\" role=\"img\" xmlns=\"http:\/\/www.w3.org\/2000\/svg\" viewBox=\"0 0 512 512\" class=\"svg-inline--fa fa-chart-bar fa-w-16 fa-2x\"><path fill=\"currentColor\" d=\"M396.8 352h22.4c6.4 0 12.8-6.4 12.8-12.8V108.8c0-6.4-6.4-12.8-12.8-12.8h-22.4c-6.4 0-12.8 6.4-12.8 12.8v230.4c0 6.4 6.4 12.8 12.8 12.8zm-192 0h22.4c6.4 0 12.8-6.4 12.8-12.8V140.8c0-6.4-6.4-12.8-12.8-12.8h-22.4c-6.4 0-12.8 6.4-12.8 12.8v198.4c0 6.4 6.4 12.8 12.8 12.8zm96 0h22.4c6.4 0 12.8-6.4 12.8-12.8V204.8c0-6.4-6.4-12.8-12.8-12.8h-22.4c-6.4 0-12.8 6.4-12.8 12.8v134.4c0 6.4 6.4 12.8 12.8 12.8zM496 400H48V80c0-8.84-7.16-16-16-16H16C7.16 64 0 71.16 0 80v336c0 17.67 14.33 32 32 32h464c8.84 0 16-7.16 16-16v-16c0-8.84-7.16-16-16-16zm-387.2-48h22.4c6.4 0 12.8-6.4 12.8-12.8v-70.4c0-6.4-6.4-12.8-12.8-12.8h-22.4c-6.4 0-12.8 6.4-12.8 12.8v70.4c0 6.4 6.4 12.8 12.8 12.8z\" class=\"\"><\/path><\/svg><\/i> <img loading=\"lazy\" decoding=\"async\" width=\"16\" height=\"16\" alt=\"Loading\" src=\"https:\/\/meriller-vapeur.fr\/wp3\/wp-content\/plugins\/page-views-count\/ajax-loader-2x.gif\" border=0 \/><\/p>\n<div class=\"pvc_clear\"><\/div>\n","protected":false},"author":1,"featured_media":0,"parent":0,"menu_order":0,"comment_status":"closed","ping_status":"closed","template":"","meta":{"footnotes":""},"class_list":["post-11360","page","type-page","status-publish","hentry"],"a3_pvc":{"activated":true,"total_views":182,"today_views":1},"_links":{"self":[{"href":"https:\/\/meriller-vapeur.fr\/wp3\/index.php?rest_route=\/wp\/v2\/pages\/11360","targetHints":{"allow":["GET"]}}],"collection":[{"href":"https:\/\/meriller-vapeur.fr\/wp3\/index.php?rest_route=\/wp\/v2\/pages"}],"about":[{"href":"https:\/\/meriller-vapeur.fr\/wp3\/index.php?rest_route=\/wp\/v2\/types\/page"}],"author":[{"embeddable":true,"href":"https:\/\/meriller-vapeur.fr\/wp3\/index.php?rest_route=\/wp\/v2\/users\/1"}],"replies":[{"embeddable":true,"href":"https:\/\/meriller-vapeur.fr\/wp3\/index.php?rest_route=%2Fwp%2Fv2%2Fcomments&post=11360"}],"version-history":[{"count":0,"href":"https:\/\/meriller-vapeur.fr\/wp3\/index.php?rest_route=\/wp\/v2\/pages\/11360\/revisions"}],"wp:attachment":[{"href":"https:\/\/meriller-vapeur.fr\/wp3\/index.php?rest_route=%2Fwp%2Fv2%2Fmedia&parent=11360"}],"curies":[{"name":"wp","href":"https:\/\/api.w.org\/{rel}","templated":true}]}}