{"id":10966,"date":"2019-12-10T16:17:40","date_gmt":"2019-12-10T15:17:40","guid":{"rendered":"https:\/\/meriller-vapeur.fr\/wp3\/?page_id=10966"},"modified":"2019-12-17T16:07:07","modified_gmt":"2019-12-17T15:07:07","slug":"marche-de-noel-2019-au-chateau-des-izards","status":"publish","type":"page","link":"https:\/\/meriller-vapeur.fr\/wp3\/?page_id=10966","title":{"rendered":"MARCH\u00c9 de NO\u00cbL 2019 au Chateau des Izards"},"content":{"rendered":"<p>Comme chaque ann\u00e9e, Meriller-Vapeur 24 participe au March\u00e9 de No\u00ebl organis\u00e9 par la Ville de Coulounieix-Chamiers au Ch\u00e2teau des Izards.<\/p>\n<p>Quelques images pour illustrer cette belle journ\u00e9e&#8230;<\/p>\n<div style=\"width: 665px;\" class=\"wp-video\"><video class=\"wp-video-shortcode\" id=\"video-10966-1\" width=\"665\" height=\"374\" autoplay preload=\"metadata\" controls=\"controls\"><source type=\"video\/mp4\" src=\"https:\/\/meriller-vapeur.fr\/wp3\/wp-content\/uploads\/2019\/12\/2019_marche_de_noel.mp4?_=1\" \/><a href=\"https:\/\/meriller-vapeur.fr\/wp3\/wp-content\/uploads\/2019\/12\/2019_marche_de_noel.mp4\">https:\/\/meriller-vapeur.fr\/wp3\/wp-content\/uploads\/2019\/12\/2019_marche_de_noel.mp4<\/a><\/video><\/div>\n\n\t\t<style type=\"text\/css\">\n\t\t\t#gallery-1 {\n\t\t\t\tmargin: auto;\n\t\t\t}\n\t\t\t#gallery-1 .gallery-item {\n\t\t\t\tfloat: left;\n\t\t\t\tmargin-top: 10px;\n\t\t\t\ttext-align: center;\n\t\t\t\twidth: 33%;\n\t\t\t}\n\t\t\t#gallery-1 img {\n\t\t\t\tborder: 2px solid #cfcfcf;\n\t\t\t}\n\t\t\t#gallery-1 .gallery-caption {\n\t\t\t\tmargin-left: 0;\n\t\t\t}\n\t\t\t\/* see gallery_shortcode() in wp-includes\/media.php *\/\n\t\t<\/style>\n\t\t<div id='gallery-1' class='gallery galleryid-10966 gallery-columns-3 gallery-size-medium'><dl class='gallery-item'>\n\t\t\t<dt class='gallery-icon landscape'>\n\t\t\t\t<a href='https:\/\/meriller-vapeur.fr\/wp3\/?attachment_id=10985'><img loading=\"lazy\" decoding=\"async\" width=\"300\" height=\"225\" src=\"https:\/\/meriller-vapeur.fr\/wp3\/wp-content\/uploads\/2019\/12\/DSCN0800-_RESEAU-JOUEF-HO-FIN-DES-ANNEES-50-300x225.jpg\" class=\"attachment-medium size-medium\" alt=\"\" aria-describedby=\"gallery-1-10985\" srcset=\"https:\/\/meriller-vapeur.fr\/wp3\/wp-content\/uploads\/2019\/12\/DSCN0800-_RESEAU-JOUEF-HO-FIN-DES-ANNEES-50-300x225.jpg 300w, https:\/\/meriller-vapeur.fr\/wp3\/wp-content\/uploads\/2019\/12\/DSCN0800-_RESEAU-JOUEF-HO-FIN-DES-ANNEES-50-1024x768.jpg 1024w, https:\/\/meriller-vapeur.fr\/wp3\/wp-content\/uploads\/2019\/12\/DSCN0800-_RESEAU-JOUEF-HO-FIN-DES-ANNEES-50-768x576.jpg 768w, https:\/\/meriller-vapeur.fr\/wp3\/wp-content\/uploads\/2019\/12\/DSCN0800-_RESEAU-JOUEF-HO-FIN-DES-ANNEES-50-1536x1152.jpg 1536w, https:\/\/meriller-vapeur.fr\/wp3\/wp-content\/uploads\/2019\/12\/DSCN0800-_RESEAU-JOUEF-HO-FIN-DES-ANNEES-50.jpg 1600w\" sizes=\"auto, (max-width: 300px) 100vw, 300px\" \/><\/a>\n\t\t\t<\/dt>\n\t\t\t\t<dd class='wp-caption-text gallery-caption' id='gallery-1-10985'>\n\t\t\t\tRESEAU JOUEF HO FIN DES ANNEES 50\n\t\t\t\t<\/dd><\/dl><dl class='gallery-item'>\n\t\t\t<dt class='gallery-icon landscape'>\n\t\t\t\t<a href='https:\/\/meriller-vapeur.fr\/wp3\/?attachment_id=10986'><img loading=\"lazy\" decoding=\"async\" width=\"300\" height=\"225\" src=\"https:\/\/meriller-vapeur.fr\/wp3\/wp-content\/uploads\/2019\/12\/DSCN0801_BELLE-BROCHETTE-DE-LA-PRODUCTION-JOUEF-EUROPE-ANNEE-60-70-300x225.jpg\" class=\"attachment-medium size-medium\" alt=\"\" aria-describedby=\"gallery-1-10986\" srcset=\"https:\/\/meriller-vapeur.fr\/wp3\/wp-content\/uploads\/2019\/12\/DSCN0801_BELLE-BROCHETTE-DE-LA-PRODUCTION-JOUEF-EUROPE-ANNEE-60-70-300x225.jpg 300w, https:\/\/meriller-vapeur.fr\/wp3\/wp-content\/uploads\/2019\/12\/DSCN0801_BELLE-BROCHETTE-DE-LA-PRODUCTION-JOUEF-EUROPE-ANNEE-60-70-1024x768.jpg 1024w, https:\/\/meriller-vapeur.fr\/wp3\/wp-content\/uploads\/2019\/12\/DSCN0801_BELLE-BROCHETTE-DE-LA-PRODUCTION-JOUEF-EUROPE-ANNEE-60-70-768x576.jpg 768w, https:\/\/meriller-vapeur.fr\/wp3\/wp-content\/uploads\/2019\/12\/DSCN0801_BELLE-BROCHETTE-DE-LA-PRODUCTION-JOUEF-EUROPE-ANNEE-60-70-1536x1152.jpg 1536w, https:\/\/meriller-vapeur.fr\/wp3\/wp-content\/uploads\/2019\/12\/DSCN0801_BELLE-BROCHETTE-DE-LA-PRODUCTION-JOUEF-EUROPE-ANNEE-60-70.jpg 1600w\" sizes=\"auto, (max-width: 300px) 100vw, 300px\" \/><\/a>\n\t\t\t<\/dt>\n\t\t\t\t<dd class='wp-caption-text gallery-caption' id='gallery-1-10986'>\n\t\t\t\tBELLE BROCHETTE DE LA PRODUCTION JOUEF EUROPE ANNEE 60 70\n\t\t\t\t<\/dd><\/dl><dl class='gallery-item'>\n\t\t\t<dt class='gallery-icon landscape'>\n\t\t\t\t<a href='https:\/\/meriller-vapeur.fr\/wp3\/?attachment_id=10987'><img loading=\"lazy\" decoding=\"async\" width=\"300\" height=\"225\" src=\"https:\/\/meriller-vapeur.fr\/wp3\/wp-content\/uploads\/2019\/12\/DSCN0803_PRODUCTION-JOUEF-VOITURES-WAGONS-EUROPE-ANNEES-60-70-300x225.jpg\" class=\"attachment-medium size-medium\" alt=\"\" aria-describedby=\"gallery-1-10987\" srcset=\"https:\/\/meriller-vapeur.fr\/wp3\/wp-content\/uploads\/2019\/12\/DSCN0803_PRODUCTION-JOUEF-VOITURES-WAGONS-EUROPE-ANNEES-60-70-300x225.jpg 300w, https:\/\/meriller-vapeur.fr\/wp3\/wp-content\/uploads\/2019\/12\/DSCN0803_PRODUCTION-JOUEF-VOITURES-WAGONS-EUROPE-ANNEES-60-70-1024x768.jpg 1024w, https:\/\/meriller-vapeur.fr\/wp3\/wp-content\/uploads\/2019\/12\/DSCN0803_PRODUCTION-JOUEF-VOITURES-WAGONS-EUROPE-ANNEES-60-70-768x576.jpg 768w, https:\/\/meriller-vapeur.fr\/wp3\/wp-content\/uploads\/2019\/12\/DSCN0803_PRODUCTION-JOUEF-VOITURES-WAGONS-EUROPE-ANNEES-60-70-1536x1152.jpg 1536w, https:\/\/meriller-vapeur.fr\/wp3\/wp-content\/uploads\/2019\/12\/DSCN0803_PRODUCTION-JOUEF-VOITURES-WAGONS-EUROPE-ANNEES-60-70.jpg 1600w\" sizes=\"auto, (max-width: 300px) 100vw, 300px\" \/><\/a>\n\t\t\t<\/dt>\n\t\t\t\t<dd class='wp-caption-text gallery-caption' id='gallery-1-10987'>\n\t\t\t\tPRODUCTION JOUEF VOITURES WAGONS EUROPE ANNEES 60 70\n\t\t\t\t<\/dd><\/dl><br style=\"clear: both\" \/><dl class='gallery-item'>\n\t\t\t<dt class='gallery-icon landscape'>\n\t\t\t\t<a href='https:\/\/meriller-vapeur.fr\/wp3\/?attachment_id=10988'><img loading=\"lazy\" decoding=\"async\" width=\"300\" height=\"225\" src=\"https:\/\/meriller-vapeur.fr\/wp3\/wp-content\/uploads\/2019\/12\/DSCN0805-300x225.jpg\" class=\"attachment-medium size-medium\" alt=\"\" srcset=\"https:\/\/meriller-vapeur.fr\/wp3\/wp-content\/uploads\/2019\/12\/DSCN0805-300x225.jpg 300w, https:\/\/meriller-vapeur.fr\/wp3\/wp-content\/uploads\/2019\/12\/DSCN0805-1024x768.jpg 1024w, https:\/\/meriller-vapeur.fr\/wp3\/wp-content\/uploads\/2019\/12\/DSCN0805-768x576.jpg 768w, https:\/\/meriller-vapeur.fr\/wp3\/wp-content\/uploads\/2019\/12\/DSCN0805-1536x1152.jpg 1536w, https:\/\/meriller-vapeur.fr\/wp3\/wp-content\/uploads\/2019\/12\/DSCN0805.jpg 1600w\" sizes=\"auto, (max-width: 300px) 100vw, 300px\" \/><\/a>\n\t\t\t<\/dt><\/dl><dl class='gallery-item'>\n\t\t\t<dt class='gallery-icon landscape'>\n\t\t\t\t<a href='https:\/\/meriller-vapeur.fr\/wp3\/?attachment_id=10989'><img loading=\"lazy\" decoding=\"async\" width=\"300\" height=\"225\" src=\"https:\/\/meriller-vapeur.fr\/wp3\/wp-content\/uploads\/2019\/12\/DSCN0808_UN-VISITEUR-TESTE-SON-VIEUX-JOUEF-300x225.jpg\" class=\"attachment-medium size-medium\" alt=\"\" aria-describedby=\"gallery-1-10989\" srcset=\"https:\/\/meriller-vapeur.fr\/wp3\/wp-content\/uploads\/2019\/12\/DSCN0808_UN-VISITEUR-TESTE-SON-VIEUX-JOUEF-300x225.jpg 300w, https:\/\/meriller-vapeur.fr\/wp3\/wp-content\/uploads\/2019\/12\/DSCN0808_UN-VISITEUR-TESTE-SON-VIEUX-JOUEF-1024x768.jpg 1024w, https:\/\/meriller-vapeur.fr\/wp3\/wp-content\/uploads\/2019\/12\/DSCN0808_UN-VISITEUR-TESTE-SON-VIEUX-JOUEF-768x576.jpg 768w, https:\/\/meriller-vapeur.fr\/wp3\/wp-content\/uploads\/2019\/12\/DSCN0808_UN-VISITEUR-TESTE-SON-VIEUX-JOUEF-1536x1152.jpg 1536w, https:\/\/meriller-vapeur.fr\/wp3\/wp-content\/uploads\/2019\/12\/DSCN0808_UN-VISITEUR-TESTE-SON-VIEUX-JOUEF.jpg 1600w\" sizes=\"auto, (max-width: 300px) 100vw, 300px\" \/><\/a>\n\t\t\t<\/dt>\n\t\t\t\t<dd class='wp-caption-text gallery-caption' id='gallery-1-10989'>\n\t\t\t\tUN VISITEUR TESTE SON VIEUX JOUEF\n\t\t\t\t<\/dd><\/dl><dl class='gallery-item'>\n\t\t\t<dt class='gallery-icon landscape'>\n\t\t\t\t<a href='https:\/\/meriller-vapeur.fr\/wp3\/?attachment_id=10990'><img loading=\"lazy\" decoding=\"async\" width=\"300\" height=\"225\" src=\"https:\/\/meriller-vapeur.fr\/wp3\/wp-content\/uploads\/2019\/12\/DSCN0809-300x225.jpg\" class=\"attachment-medium size-medium\" alt=\"\" srcset=\"https:\/\/meriller-vapeur.fr\/wp3\/wp-content\/uploads\/2019\/12\/DSCN0809-300x225.jpg 300w, https:\/\/meriller-vapeur.fr\/wp3\/wp-content\/uploads\/2019\/12\/DSCN0809-1024x768.jpg 1024w, https:\/\/meriller-vapeur.fr\/wp3\/wp-content\/uploads\/2019\/12\/DSCN0809-768x576.jpg 768w, https:\/\/meriller-vapeur.fr\/wp3\/wp-content\/uploads\/2019\/12\/DSCN0809-1536x1152.jpg 1536w, https:\/\/meriller-vapeur.fr\/wp3\/wp-content\/uploads\/2019\/12\/DSCN0809.jpg 1600w\" sizes=\"auto, (max-width: 300px) 100vw, 300px\" \/><\/a>\n\t\t\t<\/dt><\/dl><br style=\"clear: both\" \/><dl class='gallery-item'>\n\t\t\t<dt class='gallery-icon landscape'>\n\t\t\t\t<a href='https:\/\/meriller-vapeur.fr\/wp3\/?attachment_id=10991'><img loading=\"lazy\" decoding=\"async\" width=\"300\" height=\"225\" src=\"https:\/\/meriller-vapeur.fr\/wp3\/wp-content\/uploads\/2019\/12\/DSCN0810_LES-ENFANTS-REVENT-DEVANT-CES-TRAINS-300x225.jpg\" class=\"attachment-medium size-medium\" alt=\"\" aria-describedby=\"gallery-1-10991\" srcset=\"https:\/\/meriller-vapeur.fr\/wp3\/wp-content\/uploads\/2019\/12\/DSCN0810_LES-ENFANTS-REVENT-DEVANT-CES-TRAINS-300x225.jpg 300w, https:\/\/meriller-vapeur.fr\/wp3\/wp-content\/uploads\/2019\/12\/DSCN0810_LES-ENFANTS-REVENT-DEVANT-CES-TRAINS-1024x768.jpg 1024w, https:\/\/meriller-vapeur.fr\/wp3\/wp-content\/uploads\/2019\/12\/DSCN0810_LES-ENFANTS-REVENT-DEVANT-CES-TRAINS-768x576.jpg 768w, https:\/\/meriller-vapeur.fr\/wp3\/wp-content\/uploads\/2019\/12\/DSCN0810_LES-ENFANTS-REVENT-DEVANT-CES-TRAINS-1536x1152.jpg 1536w, https:\/\/meriller-vapeur.fr\/wp3\/wp-content\/uploads\/2019\/12\/DSCN0810_LES-ENFANTS-REVENT-DEVANT-CES-TRAINS.jpg 1600w\" sizes=\"auto, (max-width: 300px) 100vw, 300px\" \/><\/a>\n\t\t\t<\/dt>\n\t\t\t\t<dd class='wp-caption-text gallery-caption' id='gallery-1-10991'>\n\t\t\t\tLES ENFANTS REVENT DEVANT CES TRAINS\n\t\t\t\t<\/dd><\/dl><dl class='gallery-item'>\n\t\t\t<dt class='gallery-icon landscape'>\n\t\t\t\t<a href='https:\/\/meriller-vapeur.fr\/wp3\/?attachment_id=10992'><img loading=\"lazy\" decoding=\"async\" width=\"300\" height=\"225\" src=\"https:\/\/meriller-vapeur.fr\/wp3\/wp-content\/uploads\/2019\/12\/DSCN0811_GAUTHIER-CHEF-MECANICIEN-ASSURE-LE-BON-FONCTIONNEMENT-DES-TRAINS.-300x225.jpg\" class=\"attachment-medium size-medium\" alt=\"\" aria-describedby=\"gallery-1-10992\" srcset=\"https:\/\/meriller-vapeur.fr\/wp3\/wp-content\/uploads\/2019\/12\/DSCN0811_GAUTHIER-CHEF-MECANICIEN-ASSURE-LE-BON-FONCTIONNEMENT-DES-TRAINS.-300x225.jpg 300w, https:\/\/meriller-vapeur.fr\/wp3\/wp-content\/uploads\/2019\/12\/DSCN0811_GAUTHIER-CHEF-MECANICIEN-ASSURE-LE-BON-FONCTIONNEMENT-DES-TRAINS.-1024x768.jpg 1024w, https:\/\/meriller-vapeur.fr\/wp3\/wp-content\/uploads\/2019\/12\/DSCN0811_GAUTHIER-CHEF-MECANICIEN-ASSURE-LE-BON-FONCTIONNEMENT-DES-TRAINS.-768x576.jpg 768w, https:\/\/meriller-vapeur.fr\/wp3\/wp-content\/uploads\/2019\/12\/DSCN0811_GAUTHIER-CHEF-MECANICIEN-ASSURE-LE-BON-FONCTIONNEMENT-DES-TRAINS.-1536x1152.jpg 1536w, https:\/\/meriller-vapeur.fr\/wp3\/wp-content\/uploads\/2019\/12\/DSCN0811_GAUTHIER-CHEF-MECANICIEN-ASSURE-LE-BON-FONCTIONNEMENT-DES-TRAINS..jpg 1600w\" sizes=\"auto, (max-width: 300px) 100vw, 300px\" \/><\/a>\n\t\t\t<\/dt>\n\t\t\t\t<dd class='wp-caption-text gallery-caption' id='gallery-1-10992'>\n\t\t\t\tGAUTHIER CHEF MECANICIEN ASSURE LE BON FONCTIONNEMENT DES TRAINS.\n\t\t\t\t<\/dd><\/dl><dl class='gallery-item'>\n\t\t\t<dt class='gallery-icon landscape'>\n\t\t\t\t<a href='https:\/\/meriller-vapeur.fr\/wp3\/?attachment_id=10993'><img loading=\"lazy\" decoding=\"async\" width=\"300\" height=\"225\" src=\"https:\/\/meriller-vapeur.fr\/wp3\/wp-content\/uploads\/2019\/12\/DSCN0812_MICKEY-et-MINNIE-300x225.jpg\" class=\"attachment-medium size-medium\" alt=\"\" aria-describedby=\"gallery-1-10993\" srcset=\"https:\/\/meriller-vapeur.fr\/wp3\/wp-content\/uploads\/2019\/12\/DSCN0812_MICKEY-et-MINNIE-300x225.jpg 300w, https:\/\/meriller-vapeur.fr\/wp3\/wp-content\/uploads\/2019\/12\/DSCN0812_MICKEY-et-MINNIE-1024x768.jpg 1024w, https:\/\/meriller-vapeur.fr\/wp3\/wp-content\/uploads\/2019\/12\/DSCN0812_MICKEY-et-MINNIE-768x576.jpg 768w, https:\/\/meriller-vapeur.fr\/wp3\/wp-content\/uploads\/2019\/12\/DSCN0812_MICKEY-et-MINNIE-1536x1152.jpg 1536w, https:\/\/meriller-vapeur.fr\/wp3\/wp-content\/uploads\/2019\/12\/DSCN0812_MICKEY-et-MINNIE.jpg 1600w\" sizes=\"auto, (max-width: 300px) 100vw, 300px\" \/><\/a>\n\t\t\t<\/dt>\n\t\t\t\t<dd class='wp-caption-text gallery-caption' id='gallery-1-10993'>\n\t\t\t\tMICKEY et MINNIE\n\t\t\t\t<\/dd><\/dl><br style=\"clear: both\" \/><dl class='gallery-item'>\n\t\t\t<dt class='gallery-icon landscape'>\n\t\t\t\t<a href='https:\/\/meriller-vapeur.fr\/wp3\/?attachment_id=10994'><img loading=\"lazy\" decoding=\"async\" width=\"300\" height=\"225\" src=\"https:\/\/meriller-vapeur.fr\/wp3\/wp-content\/uploads\/2019\/12\/DSCN0814-300x225.jpg\" class=\"attachment-medium size-medium\" alt=\"\" srcset=\"https:\/\/meriller-vapeur.fr\/wp3\/wp-content\/uploads\/2019\/12\/DSCN0814-300x225.jpg 300w, https:\/\/meriller-vapeur.fr\/wp3\/wp-content\/uploads\/2019\/12\/DSCN0814-1024x768.jpg 1024w, https:\/\/meriller-vapeur.fr\/wp3\/wp-content\/uploads\/2019\/12\/DSCN0814-768x576.jpg 768w, https:\/\/meriller-vapeur.fr\/wp3\/wp-content\/uploads\/2019\/12\/DSCN0814-1536x1152.jpg 1536w, https:\/\/meriller-vapeur.fr\/wp3\/wp-content\/uploads\/2019\/12\/DSCN0814.jpg 1600w\" sizes=\"auto, (max-width: 300px) 100vw, 300px\" \/><\/a>\n\t\t\t<\/dt><\/dl><dl class='gallery-item'>\n\t\t\t<dt class='gallery-icon landscape'>\n\t\t\t\t<a href='https:\/\/meriller-vapeur.fr\/wp3\/?attachment_id=10995'><img loading=\"lazy\" decoding=\"async\" width=\"300\" height=\"225\" src=\"https:\/\/meriller-vapeur.fr\/wp3\/wp-content\/uploads\/2019\/12\/DSCN0815_LE-PRESIDENT-ET-GAUTHIER-LES-MAINS-DANS-LES-POCHES.-TOUT-VA-BIEN-300x225.jpg\" class=\"attachment-medium size-medium\" alt=\"\" aria-describedby=\"gallery-1-10995\" srcset=\"https:\/\/meriller-vapeur.fr\/wp3\/wp-content\/uploads\/2019\/12\/DSCN0815_LE-PRESIDENT-ET-GAUTHIER-LES-MAINS-DANS-LES-POCHES.-TOUT-VA-BIEN-300x225.jpg 300w, https:\/\/meriller-vapeur.fr\/wp3\/wp-content\/uploads\/2019\/12\/DSCN0815_LE-PRESIDENT-ET-GAUTHIER-LES-MAINS-DANS-LES-POCHES.-TOUT-VA-BIEN-1024x768.jpg 1024w, https:\/\/meriller-vapeur.fr\/wp3\/wp-content\/uploads\/2019\/12\/DSCN0815_LE-PRESIDENT-ET-GAUTHIER-LES-MAINS-DANS-LES-POCHES.-TOUT-VA-BIEN-768x576.jpg 768w, https:\/\/meriller-vapeur.fr\/wp3\/wp-content\/uploads\/2019\/12\/DSCN0815_LE-PRESIDENT-ET-GAUTHIER-LES-MAINS-DANS-LES-POCHES.-TOUT-VA-BIEN-1536x1152.jpg 1536w, https:\/\/meriller-vapeur.fr\/wp3\/wp-content\/uploads\/2019\/12\/DSCN0815_LE-PRESIDENT-ET-GAUTHIER-LES-MAINS-DANS-LES-POCHES.-TOUT-VA-BIEN.jpg 1600w\" sizes=\"auto, (max-width: 300px) 100vw, 300px\" \/><\/a>\n\t\t\t<\/dt>\n\t\t\t\t<dd class='wp-caption-text gallery-caption' id='gallery-1-10995'>\n\t\t\t\tLE PRESIDENT ET GAUTHIER LES MAINS DANS LES POCHES. TOUT VA BIEN\n\t\t\t\t<\/dd><\/dl><dl class='gallery-item'>\n\t\t\t<dt class='gallery-icon landscape'>\n\t\t\t\t<a href='https:\/\/meriller-vapeur.fr\/wp3\/?attachment_id=10996'><img loading=\"lazy\" decoding=\"async\" width=\"300\" height=\"225\" src=\"https:\/\/meriller-vapeur.fr\/wp3\/wp-content\/uploads\/2019\/12\/DSCN0816_MERCI-MICKEY-MERCI-MINNIE-300x225.jpg\" class=\"attachment-medium size-medium\" alt=\"\" aria-describedby=\"gallery-1-10996\" srcset=\"https:\/\/meriller-vapeur.fr\/wp3\/wp-content\/uploads\/2019\/12\/DSCN0816_MERCI-MICKEY-MERCI-MINNIE-300x225.jpg 300w, https:\/\/meriller-vapeur.fr\/wp3\/wp-content\/uploads\/2019\/12\/DSCN0816_MERCI-MICKEY-MERCI-MINNIE-1024x768.jpg 1024w, https:\/\/meriller-vapeur.fr\/wp3\/wp-content\/uploads\/2019\/12\/DSCN0816_MERCI-MICKEY-MERCI-MINNIE-768x576.jpg 768w, https:\/\/meriller-vapeur.fr\/wp3\/wp-content\/uploads\/2019\/12\/DSCN0816_MERCI-MICKEY-MERCI-MINNIE-1536x1152.jpg 1536w, https:\/\/meriller-vapeur.fr\/wp3\/wp-content\/uploads\/2019\/12\/DSCN0816_MERCI-MICKEY-MERCI-MINNIE.jpg 1600w\" sizes=\"auto, (max-width: 300px) 100vw, 300px\" \/><\/a>\n\t\t\t<\/dt>\n\t\t\t\t<dd class='wp-caption-text gallery-caption' id='gallery-1-10996'>\n\t\t\t\tMERCI MICKEY MERCI MINNIE\n\t\t\t\t<\/dd><\/dl><br style=\"clear: both\" \/><dl class='gallery-item'>\n\t\t\t<dt class='gallery-icon landscape'>\n\t\t\t\t<a href='https:\/\/meriller-vapeur.fr\/wp3\/?attachment_id=10997'><img loading=\"lazy\" decoding=\"async\" width=\"300\" height=\"199\" src=\"https:\/\/meriller-vapeur.fr\/wp3\/wp-content\/uploads\/2019\/12\/MN-0931-1600x1200-1-300x199.jpg\" class=\"attachment-medium size-medium\" alt=\"\" srcset=\"https:\/\/meriller-vapeur.fr\/wp3\/wp-content\/uploads\/2019\/12\/MN-0931-1600x1200-1-300x199.jpg 300w, https:\/\/meriller-vapeur.fr\/wp3\/wp-content\/uploads\/2019\/12\/MN-0931-1600x1200-1-1024x678.jpg 1024w, https:\/\/meriller-vapeur.fr\/wp3\/wp-content\/uploads\/2019\/12\/MN-0931-1600x1200-1-768x509.jpg 768w, https:\/\/meriller-vapeur.fr\/wp3\/wp-content\/uploads\/2019\/12\/MN-0931-1600x1200-1-1536x1018.jpg 1536w, https:\/\/meriller-vapeur.fr\/wp3\/wp-content\/uploads\/2019\/12\/MN-0931-1600x1200-1.jpg 1600w\" sizes=\"auto, (max-width: 300px) 100vw, 300px\" \/><\/a>\n\t\t\t<\/dt><\/dl><dl class='gallery-item'>\n\t\t\t<dt class='gallery-icon landscape'>\n\t\t\t\t<a href='https:\/\/meriller-vapeur.fr\/wp3\/?attachment_id=10998'><img loading=\"lazy\" decoding=\"async\" width=\"300\" height=\"199\" src=\"https:\/\/meriller-vapeur.fr\/wp3\/wp-content\/uploads\/2019\/12\/MN-0944-1600x1200-1-300x199.jpg\" class=\"attachment-medium size-medium\" alt=\"\" srcset=\"https:\/\/meriller-vapeur.fr\/wp3\/wp-content\/uploads\/2019\/12\/MN-0944-1600x1200-1-300x199.jpg 300w, https:\/\/meriller-vapeur.fr\/wp3\/wp-content\/uploads\/2019\/12\/MN-0944-1600x1200-1-1024x678.jpg 1024w, https:\/\/meriller-vapeur.fr\/wp3\/wp-content\/uploads\/2019\/12\/MN-0944-1600x1200-1-768x509.jpg 768w, https:\/\/meriller-vapeur.fr\/wp3\/wp-content\/uploads\/2019\/12\/MN-0944-1600x1200-1-1536x1018.jpg 1536w, https:\/\/meriller-vapeur.fr\/wp3\/wp-content\/uploads\/2019\/12\/MN-0944-1600x1200-1.jpg 1600w\" sizes=\"auto, (max-width: 300px) 100vw, 300px\" \/><\/a>\n\t\t\t<\/dt><\/dl><dl class='gallery-item'>\n\t\t\t<dt class='gallery-icon landscape'>\n\t\t\t\t<a href='https:\/\/meriller-vapeur.fr\/wp3\/?attachment_id=10999'><img loading=\"lazy\" decoding=\"async\" width=\"300\" height=\"199\" src=\"https:\/\/meriller-vapeur.fr\/wp3\/wp-content\/uploads\/2019\/12\/MN-0945-1600x1200-1-300x199.jpg\" class=\"attachment-medium size-medium\" alt=\"\" srcset=\"https:\/\/meriller-vapeur.fr\/wp3\/wp-content\/uploads\/2019\/12\/MN-0945-1600x1200-1-300x199.jpg 300w, https:\/\/meriller-vapeur.fr\/wp3\/wp-content\/uploads\/2019\/12\/MN-0945-1600x1200-1-1024x678.jpg 1024w, https:\/\/meriller-vapeur.fr\/wp3\/wp-content\/uploads\/2019\/12\/MN-0945-1600x1200-1-768x509.jpg 768w, https:\/\/meriller-vapeur.fr\/wp3\/wp-content\/uploads\/2019\/12\/MN-0945-1600x1200-1-1536x1018.jpg 1536w, https:\/\/meriller-vapeur.fr\/wp3\/wp-content\/uploads\/2019\/12\/MN-0945-1600x1200-1.jpg 1600w\" sizes=\"auto, (max-width: 300px) 100vw, 300px\" \/><\/a>\n\t\t\t<\/dt><\/dl><br style=\"clear: both\" \/><dl class='gallery-item'>\n\t\t\t<dt class='gallery-icon landscape'>\n\t\t\t\t<a href='https:\/\/meriller-vapeur.fr\/wp3\/?attachment_id=11000'><img loading=\"lazy\" decoding=\"async\" width=\"300\" height=\"199\" src=\"https:\/\/meriller-vapeur.fr\/wp3\/wp-content\/uploads\/2019\/12\/MN-0948-1600x1200-1-300x199.jpg\" class=\"attachment-medium size-medium\" alt=\"\" srcset=\"https:\/\/meriller-vapeur.fr\/wp3\/wp-content\/uploads\/2019\/12\/MN-0948-1600x1200-1-300x199.jpg 300w, https:\/\/meriller-vapeur.fr\/wp3\/wp-content\/uploads\/2019\/12\/MN-0948-1600x1200-1-1024x678.jpg 1024w, https:\/\/meriller-vapeur.fr\/wp3\/wp-content\/uploads\/2019\/12\/MN-0948-1600x1200-1-768x509.jpg 768w, https:\/\/meriller-vapeur.fr\/wp3\/wp-content\/uploads\/2019\/12\/MN-0948-1600x1200-1-1536x1018.jpg 1536w, https:\/\/meriller-vapeur.fr\/wp3\/wp-content\/uploads\/2019\/12\/MN-0948-1600x1200-1.jpg 1600w\" sizes=\"auto, (max-width: 300px) 100vw, 300px\" \/><\/a>\n\t\t\t<\/dt><\/dl><dl class='gallery-item'>\n\t\t\t<dt class='gallery-icon landscape'>\n\t\t\t\t<a href='https:\/\/meriller-vapeur.fr\/wp3\/?attachment_id=11001'><img loading=\"lazy\" decoding=\"async\" width=\"300\" height=\"199\" src=\"https:\/\/meriller-vapeur.fr\/wp3\/wp-content\/uploads\/2019\/12\/MN-0950-1600x1200-1-300x199.jpg\" class=\"attachment-medium size-medium\" alt=\"\" srcset=\"https:\/\/meriller-vapeur.fr\/wp3\/wp-content\/uploads\/2019\/12\/MN-0950-1600x1200-1-300x199.jpg 300w, https:\/\/meriller-vapeur.fr\/wp3\/wp-content\/uploads\/2019\/12\/MN-0950-1600x1200-1-1024x678.jpg 1024w, https:\/\/meriller-vapeur.fr\/wp3\/wp-content\/uploads\/2019\/12\/MN-0950-1600x1200-1-768x509.jpg 768w, https:\/\/meriller-vapeur.fr\/wp3\/wp-content\/uploads\/2019\/12\/MN-0950-1600x1200-1-1536x1018.jpg 1536w, https:\/\/meriller-vapeur.fr\/wp3\/wp-content\/uploads\/2019\/12\/MN-0950-1600x1200-1.jpg 1600w\" sizes=\"auto, (max-width: 300px) 100vw, 300px\" \/><\/a>\n\t\t\t<\/dt><\/dl><dl class='gallery-item'>\n\t\t\t<dt class='gallery-icon landscape'>\n\t\t\t\t<a href='https:\/\/meriller-vapeur.fr\/wp3\/?attachment_id=11002'><img loading=\"lazy\" decoding=\"async\" width=\"300\" height=\"235\" src=\"https:\/\/meriller-vapeur.fr\/wp3\/wp-content\/uploads\/2019\/12\/MN-0960-1600x1200-1-300x235.jpg\" class=\"attachment-medium size-medium\" alt=\"\" srcset=\"https:\/\/meriller-vapeur.fr\/wp3\/wp-content\/uploads\/2019\/12\/MN-0960-1600x1200-1-300x235.jpg 300w, https:\/\/meriller-vapeur.fr\/wp3\/wp-content\/uploads\/2019\/12\/MN-0960-1600x1200-1-1024x803.jpg 1024w, https:\/\/meriller-vapeur.fr\/wp3\/wp-content\/uploads\/2019\/12\/MN-0960-1600x1200-1-768x602.jpg 768w, https:\/\/meriller-vapeur.fr\/wp3\/wp-content\/uploads\/2019\/12\/MN-0960-1600x1200-1-1536x1204.jpg 1536w, https:\/\/meriller-vapeur.fr\/wp3\/wp-content\/uploads\/2019\/12\/MN-0960-1600x1200-1.jpg 1600w\" sizes=\"auto, (max-width: 300px) 100vw, 300px\" \/><\/a>\n\t\t\t<\/dt><\/dl><br style=\"clear: both\" \/>\n\t\t<\/div>\n\n<pre>page mise \u00e0 jour le 17-12-2019<\/pre>\n<div class=\"pvc_clear\"><\/div>\n<p id=\"pvc_stats_10966\" class=\"pvc_stats all  \" data-element-id=\"10966\" style=\"\"><i class=\"pvc-stats-icon medium\" aria-hidden=\"true\"><svg aria-hidden=\"true\" focusable=\"false\" data-prefix=\"far\" data-icon=\"chart-bar\" role=\"img\" xmlns=\"http:\/\/www.w3.org\/2000\/svg\" viewBox=\"0 0 512 512\" class=\"svg-inline--fa fa-chart-bar fa-w-16 fa-2x\"><path fill=\"currentColor\" d=\"M396.8 352h22.4c6.4 0 12.8-6.4 12.8-12.8V108.8c0-6.4-6.4-12.8-12.8-12.8h-22.4c-6.4 0-12.8 6.4-12.8 12.8v230.4c0 6.4 6.4 12.8 12.8 12.8zm-192 0h22.4c6.4 0 12.8-6.4 12.8-12.8V140.8c0-6.4-6.4-12.8-12.8-12.8h-22.4c-6.4 0-12.8 6.4-12.8 12.8v198.4c0 6.4 6.4 12.8 12.8 12.8zm96 0h22.4c6.4 0 12.8-6.4 12.8-12.8V204.8c0-6.4-6.4-12.8-12.8-12.8h-22.4c-6.4 0-12.8 6.4-12.8 12.8v134.4c0 6.4 6.4 12.8 12.8 12.8zM496 400H48V80c0-8.84-7.16-16-16-16H16C7.16 64 0 71.16 0 80v336c0 17.67 14.33 32 32 32h464c8.84 0 16-7.16 16-16v-16c0-8.84-7.16-16-16-16zm-387.2-48h22.4c6.4 0 12.8-6.4 12.8-12.8v-70.4c0-6.4-6.4-12.8-12.8-12.8h-22.4c-6.4 0-12.8 6.4-12.8 12.8v70.4c0 6.4 6.4 12.8 12.8 12.8z\" class=\"\"><\/path><\/svg><\/i> <img loading=\"lazy\" decoding=\"async\" width=\"16\" height=\"16\" alt=\"Loading\" src=\"https:\/\/meriller-vapeur.fr\/wp3\/wp-content\/plugins\/page-views-count\/ajax-loader-2x.gif\" border=0 \/><\/p>\n<div class=\"pvc_clear\"><\/div>\n","protected":false},"excerpt":{"rendered":"<p>Comme chaque ann\u00e9e, Meriller-Vapeur 24 participe au March\u00e9 de No\u00ebl organis\u00e9 par la Ville de Coulounieix-Chamiers au Ch\u00e2teau des Izards. Quelques images pour illustrer cette belle journ\u00e9e&#8230; page mise \u00e0 jour le 17-12-2019<\/p>\n<div class=\"pvc_clear\"><\/div>\n<p id=\"pvc_stats_10966\" class=\"pvc_stats all  \" data-element-id=\"10966\" style=\"\"><i class=\"pvc-stats-icon medium\" aria-hidden=\"true\"><svg aria-hidden=\"true\" focusable=\"false\" data-prefix=\"far\" data-icon=\"chart-bar\" role=\"img\" xmlns=\"http:\/\/www.w3.org\/2000\/svg\" viewBox=\"0 0 512 512\" class=\"svg-inline--fa fa-chart-bar fa-w-16 fa-2x\"><path fill=\"currentColor\" d=\"M396.8 352h22.4c6.4 0 12.8-6.4 12.8-12.8V108.8c0-6.4-6.4-12.8-12.8-12.8h-22.4c-6.4 0-12.8 6.4-12.8 12.8v230.4c0 6.4 6.4 12.8 12.8 12.8zm-192 0h22.4c6.4 0 12.8-6.4 12.8-12.8V140.8c0-6.4-6.4-12.8-12.8-12.8h-22.4c-6.4 0-12.8 6.4-12.8 12.8v198.4c0 6.4 6.4 12.8 12.8 12.8zm96 0h22.4c6.4 0 12.8-6.4 12.8-12.8V204.8c0-6.4-6.4-12.8-12.8-12.8h-22.4c-6.4 0-12.8 6.4-12.8 12.8v134.4c0 6.4 6.4 12.8 12.8 12.8zM496 400H48V80c0-8.84-7.16-16-16-16H16C7.16 64 0 71.16 0 80v336c0 17.67 14.33 32 32 32h464c8.84 0 16-7.16 16-16v-16c0-8.84-7.16-16-16-16zm-387.2-48h22.4c6.4 0 12.8-6.4 12.8-12.8v-70.4c0-6.4-6.4-12.8-12.8-12.8h-22.4c-6.4 0-12.8 6.4-12.8 12.8v70.4c0 6.4 6.4 12.8 12.8 12.8z\" class=\"\"><\/path><\/svg><\/i> <img loading=\"lazy\" decoding=\"async\" width=\"16\" height=\"16\" alt=\"Loading\" src=\"https:\/\/meriller-vapeur.fr\/wp3\/wp-content\/plugins\/page-views-count\/ajax-loader-2x.gif\" border=0 \/><\/p>\n<div class=\"pvc_clear\"><\/div>\n","protected":false},"author":1,"featured_media":0,"parent":263,"menu_order":0,"comment_status":"closed","ping_status":"closed","template":"tmp-onecolumn.php","meta":{"footnotes":""},"class_list":["post-10966","page","type-page","status-publish","hentry"],"a3_pvc":{"activated":true,"total_views":88,"today_views":0},"_links":{"self":[{"href":"https:\/\/meriller-vapeur.fr\/wp3\/index.php?rest_route=\/wp\/v2\/pages\/10966","targetHints":{"allow":["GET"]}}],"collection":[{"href":"https:\/\/meriller-vapeur.fr\/wp3\/index.php?rest_route=\/wp\/v2\/pages"}],"about":[{"href":"https:\/\/meriller-vapeur.fr\/wp3\/index.php?rest_route=\/wp\/v2\/types\/page"}],"author":[{"embeddable":true,"href":"https:\/\/meriller-vapeur.fr\/wp3\/index.php?rest_route=\/wp\/v2\/users\/1"}],"replies":[{"embeddable":true,"href":"https:\/\/meriller-vapeur.fr\/wp3\/index.php?rest_route=%2Fwp%2Fv2%2Fcomments&post=10966"}],"version-history":[{"count":0,"href":"https:\/\/meriller-vapeur.fr\/wp3\/index.php?rest_route=\/wp\/v2\/pages\/10966\/revisions"}],"up":[{"embeddable":true,"href":"https:\/\/meriller-vapeur.fr\/wp3\/index.php?rest_route=\/wp\/v2\/pages\/263"}],"wp:attachment":[{"href":"https:\/\/meriller-vapeur.fr\/wp3\/index.php?rest_route=%2Fwp%2Fv2%2Fmedia&parent=10966"}],"curies":[{"name":"wp","href":"https:\/\/api.w.org\/{rel}","templated":true}]}}