{"id":10658,"date":"2019-10-16T16:22:34","date_gmt":"2019-10-16T14:22:34","guid":{"rendered":"https:\/\/meriller-vapeur.fr\/wp3\/?page_id=10658"},"modified":"2022-03-04T12:26:41","modified_gmt":"2022-03-04T11:26:41","slug":"restauration-dune-grue-ferroviaire-4-le-sablage-de-la-grue","status":"publish","type":"page","link":"https:\/\/meriller-vapeur.fr\/wp3\/?page_id=10658","title":{"rendered":"Restauration d\u2019une grue ferroviaire (4) : Le sablage de la Grue."},"content":{"rendered":"<pre><strong><a href=\"https:\/\/meriller-vapeur.fr\/wp3\/?page_id=10430\">&lt;&lt;&lt;&lt;&lt; \u00a0pr\u00e9c\u00e9dente<\/a> \u00a0 \u00a0 \u00a0 \u00a0 \u00a0 \u00a0 \u00a0 \u00a0 \u00a0 \u00a0 \u00a0 \u00a0 \u00a0 \u00a0<a href=\"https:\/\/meriller-vapeur.fr\/wp3\/?page_id=10141\">Page sommaire <\/a>\u00a0 \u00a0 \u00a0 \u00a0 \u00a0 \u00a0 \u00a0 \u00a0 \u00a0 \u00a0 \u00a0 <a href=\"https:\/\/meriller-vapeur.fr\/wp3\/?page_id=11033\">\u00a0suivante &gt;&gt;&gt;&gt;&gt;<\/a><\/strong><\/pre>\n<p>C\u2019\u2019est dans les Ateliers de la <strong>SNEP \u00a0<\/strong>(<strong>Soci\u00e9t\u00e9 Nettoyage Entretien P\u00e9rigord<\/strong>) que cette op\u00e9ration de sablage se d\u00e9roule.<br \/>\nLa couleur ORANGE sur le wagon grue est due \u00e0 des \u00ab\u00a0coulures de rouille\u00a0\u00bb qui vont disparaitre au sablage de\u00a0 finition.<br \/>\nLa prochaine op\u00e9ration sera le passage dans le tunnel peinture des <strong>Transports Doumen.<\/strong><\/p>\n<p><span style=\"text-decoration: underline;\">NOTA<\/span> : Les tampons ont \u00e9t\u00e9 d\u00e9pos\u00e9 par des agents du <strong>ServiceTechnique Boulazac-Isle-Manoire.<\/strong><\/p>\n<p>Voici quelques photos de l\u2019engin en cours de sablage, prises le 16 octobre par Roger MAROUBY :<\/p>\n\n\t\t<style type=\"text\/css\">\n\t\t\t#gallery-1 {\n\t\t\t\tmargin: auto;\n\t\t\t}\n\t\t\t#gallery-1 .gallery-item {\n\t\t\t\tfloat: left;\n\t\t\t\tmargin-top: 10px;\n\t\t\t\ttext-align: center;\n\t\t\t\twidth: 33%;\n\t\t\t}\n\t\t\t#gallery-1 img {\n\t\t\t\tborder: 2px solid #cfcfcf;\n\t\t\t}\n\t\t\t#gallery-1 .gallery-caption {\n\t\t\t\tmargin-left: 0;\n\t\t\t}\n\t\t\t\/* see gallery_shortcode() in wp-includes\/media.php *\/\n\t\t<\/style>\n\t\t<div id='gallery-1' class='gallery galleryid-10658 gallery-columns-3 gallery-size-medium'><dl class='gallery-item'>\n\t\t\t<dt class='gallery-icon landscape'>\n\t\t\t\t<a href='https:\/\/meriller-vapeur.fr\/wp3\/?attachment_id=10676'><img loading=\"lazy\" decoding=\"async\" width=\"300\" height=\"225\" src=\"https:\/\/meriller-vapeur.fr\/wp3\/wp-content\/uploads\/2019\/10\/DSC02278-300x225.jpg\" class=\"attachment-medium size-medium\" alt=\"\" srcset=\"https:\/\/meriller-vapeur.fr\/wp3\/wp-content\/uploads\/2019\/10\/DSC02278-300x225.jpg 300w, https:\/\/meriller-vapeur.fr\/wp3\/wp-content\/uploads\/2019\/10\/DSC02278-768x576.jpg 768w, https:\/\/meriller-vapeur.fr\/wp3\/wp-content\/uploads\/2019\/10\/DSC02278-1024x768.jpg 1024w, https:\/\/meriller-vapeur.fr\/wp3\/wp-content\/uploads\/2019\/10\/DSC02278.jpg 1600w\" sizes=\"auto, (max-width: 300px) 100vw, 300px\" \/><\/a>\n\t\t\t<\/dt><\/dl><dl class='gallery-item'>\n\t\t\t<dt class='gallery-icon landscape'>\n\t\t\t\t<a href='https:\/\/meriller-vapeur.fr\/wp3\/?attachment_id=10677'><img loading=\"lazy\" decoding=\"async\" width=\"300\" height=\"225\" src=\"https:\/\/meriller-vapeur.fr\/wp3\/wp-content\/uploads\/2019\/10\/DSC02279-300x225.jpg\" class=\"attachment-medium size-medium\" alt=\"\" srcset=\"https:\/\/meriller-vapeur.fr\/wp3\/wp-content\/uploads\/2019\/10\/DSC02279-300x225.jpg 300w, https:\/\/meriller-vapeur.fr\/wp3\/wp-content\/uploads\/2019\/10\/DSC02279-768x576.jpg 768w, https:\/\/meriller-vapeur.fr\/wp3\/wp-content\/uploads\/2019\/10\/DSC02279-1024x768.jpg 1024w, https:\/\/meriller-vapeur.fr\/wp3\/wp-content\/uploads\/2019\/10\/DSC02279.jpg 1600w\" sizes=\"auto, (max-width: 300px) 100vw, 300px\" \/><\/a>\n\t\t\t<\/dt><\/dl><dl class='gallery-item'>\n\t\t\t<dt class='gallery-icon landscape'>\n\t\t\t\t<a href='https:\/\/meriller-vapeur.fr\/wp3\/?attachment_id=10678'><img loading=\"lazy\" decoding=\"async\" width=\"300\" height=\"225\" src=\"https:\/\/meriller-vapeur.fr\/wp3\/wp-content\/uploads\/2019\/10\/DSC02280-300x225.jpg\" class=\"attachment-medium size-medium\" alt=\"\" srcset=\"https:\/\/meriller-vapeur.fr\/wp3\/wp-content\/uploads\/2019\/10\/DSC02280-300x225.jpg 300w, https:\/\/meriller-vapeur.fr\/wp3\/wp-content\/uploads\/2019\/10\/DSC02280-768x576.jpg 768w, https:\/\/meriller-vapeur.fr\/wp3\/wp-content\/uploads\/2019\/10\/DSC02280-1024x768.jpg 1024w, https:\/\/meriller-vapeur.fr\/wp3\/wp-content\/uploads\/2019\/10\/DSC02280.jpg 1600w\" sizes=\"auto, (max-width: 300px) 100vw, 300px\" \/><\/a>\n\t\t\t<\/dt><\/dl><br style=\"clear: both\" \/><dl class='gallery-item'>\n\t\t\t<dt class='gallery-icon landscape'>\n\t\t\t\t<a href='https:\/\/meriller-vapeur.fr\/wp3\/?attachment_id=10679'><img loading=\"lazy\" decoding=\"async\" width=\"300\" height=\"225\" src=\"https:\/\/meriller-vapeur.fr\/wp3\/wp-content\/uploads\/2019\/10\/DSC02281-300x225.jpg\" class=\"attachment-medium size-medium\" alt=\"\" srcset=\"https:\/\/meriller-vapeur.fr\/wp3\/wp-content\/uploads\/2019\/10\/DSC02281-300x225.jpg 300w, https:\/\/meriller-vapeur.fr\/wp3\/wp-content\/uploads\/2019\/10\/DSC02281-768x576.jpg 768w, https:\/\/meriller-vapeur.fr\/wp3\/wp-content\/uploads\/2019\/10\/DSC02281-1024x768.jpg 1024w, https:\/\/meriller-vapeur.fr\/wp3\/wp-content\/uploads\/2019\/10\/DSC02281.jpg 1600w\" sizes=\"auto, (max-width: 300px) 100vw, 300px\" \/><\/a>\n\t\t\t<\/dt><\/dl><dl class='gallery-item'>\n\t\t\t<dt class='gallery-icon landscape'>\n\t\t\t\t<a href='https:\/\/meriller-vapeur.fr\/wp3\/?attachment_id=10680'><img loading=\"lazy\" decoding=\"async\" width=\"300\" height=\"225\" src=\"https:\/\/meriller-vapeur.fr\/wp3\/wp-content\/uploads\/2019\/10\/DSC02285-300x225.jpg\" class=\"attachment-medium size-medium\" alt=\"\" srcset=\"https:\/\/meriller-vapeur.fr\/wp3\/wp-content\/uploads\/2019\/10\/DSC02285-300x225.jpg 300w, https:\/\/meriller-vapeur.fr\/wp3\/wp-content\/uploads\/2019\/10\/DSC02285-768x576.jpg 768w, https:\/\/meriller-vapeur.fr\/wp3\/wp-content\/uploads\/2019\/10\/DSC02285-1024x768.jpg 1024w, https:\/\/meriller-vapeur.fr\/wp3\/wp-content\/uploads\/2019\/10\/DSC02285.jpg 1600w\" sizes=\"auto, (max-width: 300px) 100vw, 300px\" \/><\/a>\n\t\t\t<\/dt><\/dl><dl class='gallery-item'>\n\t\t\t<dt class='gallery-icon landscape'>\n\t\t\t\t<a href='https:\/\/meriller-vapeur.fr\/wp3\/?attachment_id=10681'><img loading=\"lazy\" decoding=\"async\" width=\"300\" height=\"225\" src=\"https:\/\/meriller-vapeur.fr\/wp3\/wp-content\/uploads\/2019\/10\/DSC02286-300x225.jpg\" class=\"attachment-medium size-medium\" alt=\"\" srcset=\"https:\/\/meriller-vapeur.fr\/wp3\/wp-content\/uploads\/2019\/10\/DSC02286-300x225.jpg 300w, https:\/\/meriller-vapeur.fr\/wp3\/wp-content\/uploads\/2019\/10\/DSC02286-768x576.jpg 768w, https:\/\/meriller-vapeur.fr\/wp3\/wp-content\/uploads\/2019\/10\/DSC02286-1024x768.jpg 1024w, https:\/\/meriller-vapeur.fr\/wp3\/wp-content\/uploads\/2019\/10\/DSC02286.jpg 1600w\" sizes=\"auto, (max-width: 300px) 100vw, 300px\" \/><\/a>\n\t\t\t<\/dt><\/dl><br style=\"clear: both\" \/><dl class='gallery-item'>\n\t\t\t<dt class='gallery-icon landscape'>\n\t\t\t\t<a href='https:\/\/meriller-vapeur.fr\/wp3\/?attachment_id=10685'><img loading=\"lazy\" decoding=\"async\" width=\"300\" height=\"225\" src=\"https:\/\/meriller-vapeur.fr\/wp3\/wp-content\/uploads\/2019\/10\/DSC02290-300x225.jpg\" class=\"attachment-medium size-medium\" alt=\"\" srcset=\"https:\/\/meriller-vapeur.fr\/wp3\/wp-content\/uploads\/2019\/10\/DSC02290-300x225.jpg 300w, https:\/\/meriller-vapeur.fr\/wp3\/wp-content\/uploads\/2019\/10\/DSC02290-768x576.jpg 768w, https:\/\/meriller-vapeur.fr\/wp3\/wp-content\/uploads\/2019\/10\/DSC02290-1024x768.jpg 1024w, https:\/\/meriller-vapeur.fr\/wp3\/wp-content\/uploads\/2019\/10\/DSC02290.jpg 1600w\" sizes=\"auto, (max-width: 300px) 100vw, 300px\" \/><\/a>\n\t\t\t<\/dt><\/dl><dl class='gallery-item'>\n\t\t\t<dt class='gallery-icon landscape'>\n\t\t\t\t<a href='https:\/\/meriller-vapeur.fr\/wp3\/?attachment_id=10686'><img loading=\"lazy\" decoding=\"async\" width=\"300\" height=\"225\" src=\"https:\/\/meriller-vapeur.fr\/wp3\/wp-content\/uploads\/2019\/10\/DSC02291-300x225.jpg\" class=\"attachment-medium size-medium\" alt=\"\" srcset=\"https:\/\/meriller-vapeur.fr\/wp3\/wp-content\/uploads\/2019\/10\/DSC02291-300x225.jpg 300w, https:\/\/meriller-vapeur.fr\/wp3\/wp-content\/uploads\/2019\/10\/DSC02291-768x576.jpg 768w, https:\/\/meriller-vapeur.fr\/wp3\/wp-content\/uploads\/2019\/10\/DSC02291-1024x768.jpg 1024w, https:\/\/meriller-vapeur.fr\/wp3\/wp-content\/uploads\/2019\/10\/DSC02291.jpg 1600w\" sizes=\"auto, (max-width: 300px) 100vw, 300px\" \/><\/a>\n\t\t\t<\/dt><\/dl><dl class='gallery-item'>\n\t\t\t<dt class='gallery-icon landscape'>\n\t\t\t\t<a href='https:\/\/meriller-vapeur.fr\/wp3\/?attachment_id=10687'><img loading=\"lazy\" decoding=\"async\" width=\"300\" height=\"225\" src=\"https:\/\/meriller-vapeur.fr\/wp3\/wp-content\/uploads\/2019\/10\/DSC02292-300x225.jpg\" class=\"attachment-medium size-medium\" alt=\"\" srcset=\"https:\/\/meriller-vapeur.fr\/wp3\/wp-content\/uploads\/2019\/10\/DSC02292-300x225.jpg 300w, https:\/\/meriller-vapeur.fr\/wp3\/wp-content\/uploads\/2019\/10\/DSC02292-768x576.jpg 768w, https:\/\/meriller-vapeur.fr\/wp3\/wp-content\/uploads\/2019\/10\/DSC02292-1024x768.jpg 1024w, https:\/\/meriller-vapeur.fr\/wp3\/wp-content\/uploads\/2019\/10\/DSC02292.jpg 1600w\" sizes=\"auto, (max-width: 300px) 100vw, 300px\" \/><\/a>\n\t\t\t<\/dt><\/dl><br style=\"clear: both\" \/>\n\t\t<\/div>\n\n<p>Pour rappel :<\/p>\n\n\t\t<style type=\"text\/css\">\n\t\t\t#gallery-2 {\n\t\t\t\tmargin: auto;\n\t\t\t}\n\t\t\t#gallery-2 .gallery-item {\n\t\t\t\tfloat: left;\n\t\t\t\tmargin-top: 10px;\n\t\t\t\ttext-align: center;\n\t\t\t\twidth: 50%;\n\t\t\t}\n\t\t\t#gallery-2 img {\n\t\t\t\tborder: 2px solid #cfcfcf;\n\t\t\t}\n\t\t\t#gallery-2 .gallery-caption {\n\t\t\t\tmargin-left: 0;\n\t\t\t}\n\t\t\t\/* see gallery_shortcode() in wp-includes\/media.php *\/\n\t\t<\/style>\n\t\t<div id='gallery-2' class='gallery galleryid-10658 gallery-columns-2 gallery-size-medium'><dl class='gallery-item'>\n\t\t\t<dt class='gallery-icon landscape'>\n\t\t\t\t<a href='https:\/\/meriller-vapeur.fr\/wp3\/?attachment_id=10691'><img loading=\"lazy\" decoding=\"async\" width=\"300\" height=\"199\" src=\"https:\/\/meriller-vapeur.fr\/wp3\/wp-content\/uploads\/2019\/10\/2019-09-27-08.27.15-exc-0740-1-1-300x199.jpg\" class=\"attachment-medium size-medium\" alt=\"\" aria-describedby=\"gallery-2-10691\" srcset=\"https:\/\/meriller-vapeur.fr\/wp3\/wp-content\/uploads\/2019\/10\/2019-09-27-08.27.15-exc-0740-1-1-300x199.jpg 300w, https:\/\/meriller-vapeur.fr\/wp3\/wp-content\/uploads\/2019\/10\/2019-09-27-08.27.15-exc-0740-1-1-768x509.jpg 768w, https:\/\/meriller-vapeur.fr\/wp3\/wp-content\/uploads\/2019\/10\/2019-09-27-08.27.15-exc-0740-1-1-1024x678.jpg 1024w, https:\/\/meriller-vapeur.fr\/wp3\/wp-content\/uploads\/2019\/10\/2019-09-27-08.27.15-exc-0740-1-1.jpg 1600w\" sizes=\"auto, (max-width: 300px) 100vw, 300px\" \/><\/a>\n\t\t\t<\/dt>\n\t\t\t\t<dd class='wp-caption-text gallery-caption' id='gallery-2-10691'>\n\t\t\t\tAvant sablage&#8230;\n\t\t\t\t<\/dd><\/dl><dl class='gallery-item'>\n\t\t\t<dt class='gallery-icon landscape'>\n\t\t\t\t<a href='https:\/\/meriller-vapeur.fr\/wp3\/?attachment_id=10690'><img loading=\"lazy\" decoding=\"async\" width=\"300\" height=\"225\" src=\"https:\/\/meriller-vapeur.fr\/wp3\/wp-content\/uploads\/2019\/10\/DSC02289-1-300x225.jpg\" class=\"attachment-medium size-medium\" alt=\"\" aria-describedby=\"gallery-2-10690\" srcset=\"https:\/\/meriller-vapeur.fr\/wp3\/wp-content\/uploads\/2019\/10\/DSC02289-1-300x225.jpg 300w, https:\/\/meriller-vapeur.fr\/wp3\/wp-content\/uploads\/2019\/10\/DSC02289-1-768x576.jpg 768w, https:\/\/meriller-vapeur.fr\/wp3\/wp-content\/uploads\/2019\/10\/DSC02289-1-1024x768.jpg 1024w, https:\/\/meriller-vapeur.fr\/wp3\/wp-content\/uploads\/2019\/10\/DSC02289-1.jpg 1600w\" sizes=\"auto, (max-width: 300px) 100vw, 300px\" \/><\/a>\n\t\t\t<\/dt>\n\t\t\t\t<dd class='wp-caption-text gallery-caption' id='gallery-2-10690'>\n\t\t\t\tApr\u00e8s Sablage\u00a0! \n\t\t\t\t<\/dd><\/dl><br style=\"clear: both\" \/>\n\t\t<\/div>\n\n<p>Mise en ligne le 16-10-2019.<\/p>\n<div class=\"pvc_clear\"><\/div>\n<p id=\"pvc_stats_10658\" class=\"pvc_stats all  \" data-element-id=\"10658\" style=\"\"><i class=\"pvc-stats-icon medium\" aria-hidden=\"true\"><svg aria-hidden=\"true\" focusable=\"false\" data-prefix=\"far\" data-icon=\"chart-bar\" role=\"img\" xmlns=\"http:\/\/www.w3.org\/2000\/svg\" viewBox=\"0 0 512 512\" class=\"svg-inline--fa fa-chart-bar fa-w-16 fa-2x\"><path fill=\"currentColor\" d=\"M396.8 352h22.4c6.4 0 12.8-6.4 12.8-12.8V108.8c0-6.4-6.4-12.8-12.8-12.8h-22.4c-6.4 0-12.8 6.4-12.8 12.8v230.4c0 6.4 6.4 12.8 12.8 12.8zm-192 0h22.4c6.4 0 12.8-6.4 12.8-12.8V140.8c0-6.4-6.4-12.8-12.8-12.8h-22.4c-6.4 0-12.8 6.4-12.8 12.8v198.4c0 6.4 6.4 12.8 12.8 12.8zm96 0h22.4c6.4 0 12.8-6.4 12.8-12.8V204.8c0-6.4-6.4-12.8-12.8-12.8h-22.4c-6.4 0-12.8 6.4-12.8 12.8v134.4c0 6.4 6.4 12.8 12.8 12.8zM496 400H48V80c0-8.84-7.16-16-16-16H16C7.16 64 0 71.16 0 80v336c0 17.67 14.33 32 32 32h464c8.84 0 16-7.16 16-16v-16c0-8.84-7.16-16-16-16zm-387.2-48h22.4c6.4 0 12.8-6.4 12.8-12.8v-70.4c0-6.4-6.4-12.8-12.8-12.8h-22.4c-6.4 0-12.8 6.4-12.8 12.8v70.4c0 6.4 6.4 12.8 12.8 12.8z\" class=\"\"><\/path><\/svg><\/i> <img loading=\"lazy\" decoding=\"async\" width=\"16\" height=\"16\" alt=\"Loading\" src=\"https:\/\/meriller-vapeur.fr\/wp3\/wp-content\/plugins\/page-views-count\/ajax-loader-2x.gif\" border=0 \/><\/p>\n<div class=\"pvc_clear\"><\/div>\n","protected":false},"excerpt":{"rendered":"<p>&lt;&lt;&lt;&lt;&lt; \u00a0pr\u00e9c\u00e9dente \u00a0 \u00a0 \u00a0 \u00a0 \u00a0 \u00a0 \u00a0 \u00a0 \u00a0 \u00a0 \u00a0 \u00a0 \u00a0 \u00a0Page sommaire \u00a0 \u00a0 \u00a0 \u00a0 \u00a0 \u00a0 \u00a0 \u00a0 \u00a0 \u00a0 \u00a0 \u00a0suivante &gt;&gt;&gt;&gt;&gt; C\u2019\u2019est dans les Ateliers de la SNEP \u00a0(Soci\u00e9t\u00e9 Nettoyage Entretien P\u00e9rigord) que cette op\u00e9ration de sablage se d\u00e9roule. La couleur ORANGE sur le wagon grue\u2026 <span class=\"read-more\"><a href=\"https:\/\/meriller-vapeur.fr\/wp3\/?page_id=10658\">Read More &raquo;<\/a><\/span><\/p>\n<div class=\"pvc_clear\"><\/div>\n<p id=\"pvc_stats_10658\" class=\"pvc_stats all  \" data-element-id=\"10658\" style=\"\"><i class=\"pvc-stats-icon medium\" aria-hidden=\"true\"><svg aria-hidden=\"true\" focusable=\"false\" data-prefix=\"far\" data-icon=\"chart-bar\" role=\"img\" xmlns=\"http:\/\/www.w3.org\/2000\/svg\" viewBox=\"0 0 512 512\" class=\"svg-inline--fa fa-chart-bar fa-w-16 fa-2x\"><path fill=\"currentColor\" d=\"M396.8 352h22.4c6.4 0 12.8-6.4 12.8-12.8V108.8c0-6.4-6.4-12.8-12.8-12.8h-22.4c-6.4 0-12.8 6.4-12.8 12.8v230.4c0 6.4 6.4 12.8 12.8 12.8zm-192 0h22.4c6.4 0 12.8-6.4 12.8-12.8V140.8c0-6.4-6.4-12.8-12.8-12.8h-22.4c-6.4 0-12.8 6.4-12.8 12.8v198.4c0 6.4 6.4 12.8 12.8 12.8zm96 0h22.4c6.4 0 12.8-6.4 12.8-12.8V204.8c0-6.4-6.4-12.8-12.8-12.8h-22.4c-6.4 0-12.8 6.4-12.8 12.8v134.4c0 6.4 6.4 12.8 12.8 12.8zM496 400H48V80c0-8.84-7.16-16-16-16H16C7.16 64 0 71.16 0 80v336c0 17.67 14.33 32 32 32h464c8.84 0 16-7.16 16-16v-16c0-8.84-7.16-16-16-16zm-387.2-48h22.4c6.4 0 12.8-6.4 12.8-12.8v-70.4c0-6.4-6.4-12.8-12.8-12.8h-22.4c-6.4 0-12.8 6.4-12.8 12.8v70.4c0 6.4 6.4 12.8 12.8 12.8z\" class=\"\"><\/path><\/svg><\/i> <img loading=\"lazy\" decoding=\"async\" width=\"16\" height=\"16\" alt=\"Loading\" src=\"https:\/\/meriller-vapeur.fr\/wp3\/wp-content\/plugins\/page-views-count\/ajax-loader-2x.gif\" border=0 \/><\/p>\n<div class=\"pvc_clear\"><\/div>\n","protected":false},"author":1,"featured_media":0,"parent":0,"menu_order":0,"comment_status":"closed","ping_status":"closed","template":"page-templates\/full-width.php","meta":{"footnotes":""},"class_list":["post-10658","page","type-page","status-publish","hentry"],"a3_pvc":{"activated":true,"total_views":308,"today_views":0},"_links":{"self":[{"href":"https:\/\/meriller-vapeur.fr\/wp3\/index.php?rest_route=\/wp\/v2\/pages\/10658","targetHints":{"allow":["GET"]}}],"collection":[{"href":"https:\/\/meriller-vapeur.fr\/wp3\/index.php?rest_route=\/wp\/v2\/pages"}],"about":[{"href":"https:\/\/meriller-vapeur.fr\/wp3\/index.php?rest_route=\/wp\/v2\/types\/page"}],"author":[{"embeddable":true,"href":"https:\/\/meriller-vapeur.fr\/wp3\/index.php?rest_route=\/wp\/v2\/users\/1"}],"replies":[{"embeddable":true,"href":"https:\/\/meriller-vapeur.fr\/wp3\/index.php?rest_route=%2Fwp%2Fv2%2Fcomments&post=10658"}],"version-history":[{"count":0,"href":"https:\/\/meriller-vapeur.fr\/wp3\/index.php?rest_route=\/wp\/v2\/pages\/10658\/revisions"}],"wp:attachment":[{"href":"https:\/\/meriller-vapeur.fr\/wp3\/index.php?rest_route=%2Fwp%2Fv2%2Fmedia&parent=10658"}],"curies":[{"name":"wp","href":"https:\/\/api.w.org\/{rel}","templated":true}]}}