{"id":10094,"date":"2019-09-23T17:10:05","date_gmt":"2019-09-23T15:10:05","guid":{"rendered":"https:\/\/meriller-vapeur.fr\/wp3\/?page_id=10094"},"modified":"2021-08-04T12:07:08","modified_gmt":"2021-08-04T10:07:08","slug":"les-dioramas-de-jean-paul-mais-specialiste-de-lepoque-1939-1945","status":"publish","type":"page","link":"https:\/\/meriller-vapeur.fr\/wp3\/?page_id=10094","title":{"rendered":"Les Dioramas de Jean-Paul MA\u00cfS, sp\u00e9cialiste de l\u2019\u00e9poque 1939-1945 ."},"content":{"rendered":"<p>Notre nouvel adh\u00e9rent Jean-Paul Ma\u00efs s\u2019est sp\u00e9cialis\u00e9 dans la <em><strong>r\u00e9alisation de dioramas au 1\/87\u00e8me<\/strong><\/em> relatant des \u00e9pisodes de la d\u00e9portation et de la vie des camps durant la premi\u00e8re guerre mondiale.<br \/>\nVoici quelques photos de ses \u0153uvres dont le r\u00e9alisme \u00e9voque bien cette triste p\u00e9riode.\u00a0Vous pouvez lire plus bas le texte de pr\u00e9sentation qu\u2019il nous a adress\u00e9, expliquant par le d\u00e9tail la r\u00e9alisation de ce magnifique travail.<\/p>\n\n\t\t<style type=\"text\/css\">\n\t\t\t#gallery-1 {\n\t\t\t\tmargin: auto;\n\t\t\t}\n\t\t\t#gallery-1 .gallery-item {\n\t\t\t\tfloat: left;\n\t\t\t\tmargin-top: 10px;\n\t\t\t\ttext-align: center;\n\t\t\t\twidth: 50%;\n\t\t\t}\n\t\t\t#gallery-1 img {\n\t\t\t\tborder: 2px solid #cfcfcf;\n\t\t\t}\n\t\t\t#gallery-1 .gallery-caption {\n\t\t\t\tmargin-left: 0;\n\t\t\t}\n\t\t\t\/* see gallery_shortcode() in wp-includes\/media.php *\/\n\t\t<\/style>\n\t\t<div id='gallery-1' class='gallery galleryid-10094 gallery-columns-2 gallery-size-medium'><dl class='gallery-item'>\n\t\t\t<dt class='gallery-icon landscape'>\n\t\t\t\t<a href='https:\/\/meriller-vapeur.fr\/wp3\/wp-content\/uploads\/2019\/09\/DSCN1151-1.jpg'><img loading=\"lazy\" decoding=\"async\" width=\"300\" height=\"180\" src=\"https:\/\/meriller-vapeur.fr\/wp3\/wp-content\/uploads\/2019\/09\/DSCN1151-1-300x180.jpg\" class=\"attachment-medium size-medium\" alt=\"\" aria-describedby=\"gallery-1-10108\" srcset=\"https:\/\/meriller-vapeur.fr\/wp3\/wp-content\/uploads\/2019\/09\/DSCN1151-1-300x180.jpg 300w, https:\/\/meriller-vapeur.fr\/wp3\/wp-content\/uploads\/2019\/09\/DSCN1151-1-768x461.jpg 768w, https:\/\/meriller-vapeur.fr\/wp3\/wp-content\/uploads\/2019\/09\/DSCN1151-1-1024x615.jpg 1024w, https:\/\/meriller-vapeur.fr\/wp3\/wp-content\/uploads\/2019\/09\/DSCN1151-1.jpg 1594w\" sizes=\"auto, (max-width: 300px) 100vw, 300px\" \/><\/a>\n\t\t\t<\/dt>\n\t\t\t\t<dd class='wp-caption-text gallery-caption' id='gallery-1-10108'>\n\t\t\t\t2 ou 3 pupitres pr\u00e9sentant divers documents (surtout philat\u00e9liques car je suis \u00e9galement &#8230; philat\u00e9liste) en compl\u00e9ment du diorama, afin d&rsquo; \u00eatre toujours plus didactique.\n\t\t\t\t<\/dd><\/dl><dl class='gallery-item'>\n\t\t\t<dt class='gallery-icon landscape'>\n\t\t\t\t<a href='https:\/\/meriller-vapeur.fr\/wp3\/wp-content\/uploads\/2019\/09\/WP_20180914_16_08_18_Pro.jpg'><img loading=\"lazy\" decoding=\"async\" width=\"300\" height=\"169\" src=\"https:\/\/meriller-vapeur.fr\/wp3\/wp-content\/uploads\/2019\/09\/WP_20180914_16_08_18_Pro-300x169.jpg\" class=\"attachment-medium size-medium\" alt=\"\" aria-describedby=\"gallery-1-10104\" srcset=\"https:\/\/meriller-vapeur.fr\/wp3\/wp-content\/uploads\/2019\/09\/WP_20180914_16_08_18_Pro-300x169.jpg 300w, https:\/\/meriller-vapeur.fr\/wp3\/wp-content\/uploads\/2019\/09\/WP_20180914_16_08_18_Pro-768x432.jpg 768w, https:\/\/meriller-vapeur.fr\/wp3\/wp-content\/uploads\/2019\/09\/WP_20180914_16_08_18_Pro-1024x575.jpg 1024w, https:\/\/meriller-vapeur.fr\/wp3\/wp-content\/uploads\/2019\/09\/WP_20180914_16_08_18_Pro.jpg 1600w\" sizes=\"auto, (max-width: 300px) 100vw, 300px\" \/><\/a>\n\t\t\t<\/dt>\n\t\t\t\t<dd class='wp-caption-text gallery-caption' id='gallery-1-10104'>\n\t\t\t\tDes prisonni\u00e8res de RAVENSBR\u00dcCK sont lou\u00e9es par les SS aux usines voisines SIEMENS et HEINKEL, lesquelles, en \u00e9conomie de guerre, fabriquent de l&rsquo; armement (avions, bombes, torpilles), 12 h\/jour, 7\/7, nourriture insuffisante, beaucoup mouraient au travail.\n\t\t\t\t<\/dd><\/dl><br style=\"clear: both\" \/><dl class='gallery-item'>\n\t\t\t<dt class='gallery-icon landscape'>\n\t\t\t\t<a href='https:\/\/meriller-vapeur.fr\/wp3\/wp-content\/uploads\/2019\/09\/WP_20180914_16_07_18_Pro.jpg'><img loading=\"lazy\" decoding=\"async\" width=\"300\" height=\"169\" src=\"https:\/\/meriller-vapeur.fr\/wp3\/wp-content\/uploads\/2019\/09\/WP_20180914_16_07_18_Pro-300x169.jpg\" class=\"attachment-medium size-medium\" alt=\"\" aria-describedby=\"gallery-1-10102\" srcset=\"https:\/\/meriller-vapeur.fr\/wp3\/wp-content\/uploads\/2019\/09\/WP_20180914_16_07_18_Pro-300x169.jpg 300w, https:\/\/meriller-vapeur.fr\/wp3\/wp-content\/uploads\/2019\/09\/WP_20180914_16_07_18_Pro-768x432.jpg 768w, https:\/\/meriller-vapeur.fr\/wp3\/wp-content\/uploads\/2019\/09\/WP_20180914_16_07_18_Pro-1024x575.jpg 1024w, https:\/\/meriller-vapeur.fr\/wp3\/wp-content\/uploads\/2019\/09\/WP_20180914_16_07_18_Pro.jpg 1600w\" sizes=\"auto, (max-width: 300px) 100vw, 300px\" \/><\/a>\n\t\t\t<\/dt>\n\t\t\t\t<dd class='wp-caption-text gallery-caption' id='gallery-1-10102'>\n\t\t\t\tDes prisonniers politiques arrivent au camp d&rsquo; internement de NEXON (Haute-Vienne) en camions, et des juifs rafl\u00e9s en ao\u00fbt 1942 en Limousin, arrivent en train de LIMOGES \u00ab\u00a0\n\t\t\t\t<\/dd><\/dl><dl class='gallery-item'>\n\t\t\t<dt class='gallery-icon landscape'>\n\t\t\t\t<a href='https:\/\/meriller-vapeur.fr\/wp3\/wp-content\/uploads\/2019\/09\/WP_20180914_16_09_48_Pro.jpg'><img loading=\"lazy\" decoding=\"async\" width=\"300\" height=\"169\" src=\"https:\/\/meriller-vapeur.fr\/wp3\/wp-content\/uploads\/2019\/09\/WP_20180914_16_09_48_Pro-300x169.jpg\" class=\"attachment-medium size-medium\" alt=\"\" aria-describedby=\"gallery-1-10106\" srcset=\"https:\/\/meriller-vapeur.fr\/wp3\/wp-content\/uploads\/2019\/09\/WP_20180914_16_09_48_Pro-300x169.jpg 300w, https:\/\/meriller-vapeur.fr\/wp3\/wp-content\/uploads\/2019\/09\/WP_20180914_16_09_48_Pro-768x432.jpg 768w, https:\/\/meriller-vapeur.fr\/wp3\/wp-content\/uploads\/2019\/09\/WP_20180914_16_09_48_Pro-1024x575.jpg 1024w, https:\/\/meriller-vapeur.fr\/wp3\/wp-content\/uploads\/2019\/09\/WP_20180914_16_09_48_Pro.jpg 1600w\" sizes=\"auto, (max-width: 300px) 100vw, 300px\" \/><\/a>\n\t\t\t<\/dt>\n\t\t\t\t<dd class='wp-caption-text gallery-caption' id='gallery-1-10106'>\n\t\t\t\tD\u00e9tenues arrivant au seul camp r\u00e9serv\u00e9 \naux femmes : RAVENSBR\u00dcCK, au nord de BERLIN. \n\t\t\t\t<\/dd><\/dl><br style=\"clear: both\" \/><dl class='gallery-item'>\n\t\t\t<dt class='gallery-icon landscape'>\n\t\t\t\t<a href='https:\/\/meriller-vapeur.fr\/wp3\/wp-content\/uploads\/2019\/09\/WP_20180914_15_57_22_Pro.jpg'><img loading=\"lazy\" decoding=\"async\" width=\"300\" height=\"169\" src=\"https:\/\/meriller-vapeur.fr\/wp3\/wp-content\/uploads\/2019\/09\/WP_20180914_15_57_22_Pro-300x169.jpg\" class=\"attachment-medium size-medium\" alt=\"\" aria-describedby=\"gallery-1-10098\" srcset=\"https:\/\/meriller-vapeur.fr\/wp3\/wp-content\/uploads\/2019\/09\/WP_20180914_15_57_22_Pro-300x169.jpg 300w, https:\/\/meriller-vapeur.fr\/wp3\/wp-content\/uploads\/2019\/09\/WP_20180914_15_57_22_Pro-768x432.jpg 768w, https:\/\/meriller-vapeur.fr\/wp3\/wp-content\/uploads\/2019\/09\/WP_20180914_15_57_22_Pro-1024x575.jpg 1024w, https:\/\/meriller-vapeur.fr\/wp3\/wp-content\/uploads\/2019\/09\/WP_20180914_15_57_22_Pro.jpg 1600w\" sizes=\"auto, (max-width: 300px) 100vw, 300px\" \/><\/a>\n\t\t\t<\/dt>\n\t\t\t\t<dd class='wp-caption-text gallery-caption' id='gallery-1-10098'>\n\t\t\t\tA l&rsquo;entr\u00e9e du camp on peut lire\n \u00ab\u00a0JEDEM DAS SEINE\u00a0\u00bb (\u00e0 chacun son d\u00fb), car les SS avaient beaucoup d&rsquo; humour &#8230; tr\u00e8s noir \u00ab\u00a0. Cela changeait de \u00a0\u00bb ARBEIT MACHT FREI \u00ab\u00a0\n\t\t\t\t<\/dd><\/dl>\n\t\t\t<br style='clear: both' \/>\n\t\t<\/div>\n\n<p>Jean-Paul Ma\u00efs mod\u00e9liste, r\u00e9sidant \u00e0 87-SAINT-LEONARD pr\u00e9sente ses r\u00e9alisations :<\/p>\n<blockquote><p>\u00a0\u00bb J&rsquo;ai particip\u00e9 \u00e0\u00a0 quatre expositions en Haute-Vienne avec l&rsquo; ADIRP-87 \u00e0\u00a0 AIXE\/Vienne, le Mus\u00e9e de la R\u00e9sistance de PEYRAT le CHATEAU, le Mus\u00e9e HISTORAIL ainsi que la Biblioth\u00e8que de SAINT-LEONARD o\u00f9 je r\u00e9side.<\/p>\n<p>Ces expos se pr\u00e9sentent sous forme de\u00a0dioramas en vitrines ferm\u00e9es. Sont disponibles les dioramas suivants :<br \/>\n&#8211; camp d&rsquo; internement de 87-NEXON,<br \/>\n&#8211; camps de regroupement de DRANCY, COMPIEGNE,<br \/>\n&#8211; camp de concentration de RAVENSBRUCK,<br \/>\n&#8211; Kommandos pour\u00a0SIEMENS\/HEINKEL,<br \/>\nD&rsquo; autres sont en cours de r\u00e9alisation :<br \/>\n&#8211; camp d&rsquo; extermination d&rsquo; AUSCHWITZ,<br \/>\n&#8211; Kommandos pour BUNA\/IG FARBEN.<br \/>\nEnfin d&rsquo; autres sont en projet court terme:<br \/>\n&#8211; Enfants du Vel&rsquo; d&rsquo; Hiv&rsquo; PITHIVIERS\/BEAUNE la ROLANDE,<br \/>\n&#8211; Carri\u00e8re de MAUTHAUSEN, tunnel de DORA.<\/p>\n<p>Chaque diorama est enrichi de 2 ou 3 pupitres amovibles montrant photos, cartes postales, commentaires sobres, cartes Maximum, enveloppes Premier jour, afin d&rsquo; \u00eatre toujours plus didactique tout en essayant de rester ludique (ce qui n&rsquo;est pas \u00e9vident sur un tel sujet !).\u2028 Chaque pupitre montre une quinzaine de documents.<br \/>\nOn peut visionner une <a href=\"https:\/\/www.facebook.com\/historail\/videos\/vb.198194539649\/10153580122699650\/?type=2&amp;theater\" target=\"_blank\" rel=\"noopener noreferrer\">vid\u00e9o de ma pr\u00e9sentation au Mus\u00e9e HISTORAIL de SAINT-LEONARD<\/a> en 2015.<\/p>\n<p>Sur invitation, \u00a0je peux participer \u00e0\u00a0 des expositions, mais toujours en compl\u00e9ment d&rsquo;une expo traditionnelle. Les dioramas peuvent \u00eatre associ\u00e9s \u00ab\u00a0\u00e0\u00a0 la carte\u00a0\u00bb, mais pas plus de quatre pour cause de transport par fourgon de location.<br \/>\nPour l&rsquo; installation, \u00a0je m&rsquo; occupe de tout, une prise de courant me suffit :<br \/>\n&#8211; La hauteur du plateau est r\u00e9glable par tr\u00e9teaux t\u00e9lescopiques, id\u00e9alement 130cm pour un regard \u00a0\u00bb \u00e0\u00a0 hauteur de quai \u00ab\u00a0.<br \/>\n&#8211; Je fournis un tabouret par diorama pour les visiteurs de petite taille.<br \/>\n&#8211; Les caissons ferm\u00e9s, auto-\u00e9clair\u00e9s, mesurent 122 X 85 X 60cm. R\u00e9alis\u00e9s par un menuisier\/charpentier, ils sont lourds !<\/p>\n<p>Afin de se faire une id\u00e9e plus pr\u00e9cise de mes r\u00e9alisations, quelques photos ci-dessus de ma derni\u00e8re expo pr\u00e9sent\u00e9e en 2018 au Mus\u00e9e de la R\u00e9sistance de PEYRAT le CHATEAU, en 4 dioramas&#8230;<br \/>\n&#8230;la m\u00eame qui aurait\u00a0d\u00fb \u00eatre pr\u00e9sent\u00e9e \u00e0 BUGEAT si les organisateurs n&rsquo;avaient pas d\u00e9cid\u00e9 in extremis de l&rsquo; \u00e9liminer,\u00a0le th\u00e8me retenu n&rsquo; \u00e9tant &#8230; ni gai ni ludique ! \u00a0\u00bb<\/p>\n<p>&nbsp;<\/p><\/blockquote>\n<pre>Modifi\u00e9e le 25-09-2019.<\/pre>\n<p>&nbsp;<\/p>\n<div class=\"pvc_clear\"><\/div>\n<p id=\"pvc_stats_10094\" class=\"pvc_stats all  \" data-element-id=\"10094\" style=\"\"><i class=\"pvc-stats-icon medium\" aria-hidden=\"true\"><svg aria-hidden=\"true\" focusable=\"false\" data-prefix=\"far\" data-icon=\"chart-bar\" role=\"img\" xmlns=\"http:\/\/www.w3.org\/2000\/svg\" viewBox=\"0 0 512 512\" class=\"svg-inline--fa fa-chart-bar fa-w-16 fa-2x\"><path fill=\"currentColor\" d=\"M396.8 352h22.4c6.4 0 12.8-6.4 12.8-12.8V108.8c0-6.4-6.4-12.8-12.8-12.8h-22.4c-6.4 0-12.8 6.4-12.8 12.8v230.4c0 6.4 6.4 12.8 12.8 12.8zm-192 0h22.4c6.4 0 12.8-6.4 12.8-12.8V140.8c0-6.4-6.4-12.8-12.8-12.8h-22.4c-6.4 0-12.8 6.4-12.8 12.8v198.4c0 6.4 6.4 12.8 12.8 12.8zm96 0h22.4c6.4 0 12.8-6.4 12.8-12.8V204.8c0-6.4-6.4-12.8-12.8-12.8h-22.4c-6.4 0-12.8 6.4-12.8 12.8v134.4c0 6.4 6.4 12.8 12.8 12.8zM496 400H48V80c0-8.84-7.16-16-16-16H16C7.16 64 0 71.16 0 80v336c0 17.67 14.33 32 32 32h464c8.84 0 16-7.16 16-16v-16c0-8.84-7.16-16-16-16zm-387.2-48h22.4c6.4 0 12.8-6.4 12.8-12.8v-70.4c0-6.4-6.4-12.8-12.8-12.8h-22.4c-6.4 0-12.8 6.4-12.8 12.8v70.4c0 6.4 6.4 12.8 12.8 12.8z\" class=\"\"><\/path><\/svg><\/i> <img loading=\"lazy\" decoding=\"async\" width=\"16\" height=\"16\" alt=\"Loading\" src=\"https:\/\/meriller-vapeur.fr\/wp3\/wp-content\/plugins\/page-views-count\/ajax-loader-2x.gif\" border=0 \/><\/p>\n<div class=\"pvc_clear\"><\/div>\n","protected":false},"excerpt":{"rendered":"<p>Notre nouvel adh\u00e9rent Jean-Paul Ma\u00efs s\u2019est sp\u00e9cialis\u00e9 dans la r\u00e9alisation de dioramas au 1\/87\u00e8me relatant des \u00e9pisodes de la d\u00e9portation et de la vie des camps durant la premi\u00e8re guerre mondiale. Voici quelques photos de ses \u0153uvres dont le r\u00e9alisme \u00e9voque bien cette triste p\u00e9riode.\u00a0Vous pouvez lire plus bas le texte de pr\u00e9sentation qu\u2019il nous\u2026 <span class=\"read-more\"><a href=\"https:\/\/meriller-vapeur.fr\/wp3\/?page_id=10094\">Read More &raquo;<\/a><\/span><\/p>\n<div class=\"pvc_clear\"><\/div>\n<p id=\"pvc_stats_10094\" class=\"pvc_stats all  \" data-element-id=\"10094\" style=\"\"><i class=\"pvc-stats-icon medium\" aria-hidden=\"true\"><svg aria-hidden=\"true\" focusable=\"false\" data-prefix=\"far\" data-icon=\"chart-bar\" role=\"img\" xmlns=\"http:\/\/www.w3.org\/2000\/svg\" viewBox=\"0 0 512 512\" class=\"svg-inline--fa fa-chart-bar fa-w-16 fa-2x\"><path fill=\"currentColor\" d=\"M396.8 352h22.4c6.4 0 12.8-6.4 12.8-12.8V108.8c0-6.4-6.4-12.8-12.8-12.8h-22.4c-6.4 0-12.8 6.4-12.8 12.8v230.4c0 6.4 6.4 12.8 12.8 12.8zm-192 0h22.4c6.4 0 12.8-6.4 12.8-12.8V140.8c0-6.4-6.4-12.8-12.8-12.8h-22.4c-6.4 0-12.8 6.4-12.8 12.8v198.4c0 6.4 6.4 12.8 12.8 12.8zm96 0h22.4c6.4 0 12.8-6.4 12.8-12.8V204.8c0-6.4-6.4-12.8-12.8-12.8h-22.4c-6.4 0-12.8 6.4-12.8 12.8v134.4c0 6.4 6.4 12.8 12.8 12.8zM496 400H48V80c0-8.84-7.16-16-16-16H16C7.16 64 0 71.16 0 80v336c0 17.67 14.33 32 32 32h464c8.84 0 16-7.16 16-16v-16c0-8.84-7.16-16-16-16zm-387.2-48h22.4c6.4 0 12.8-6.4 12.8-12.8v-70.4c0-6.4-6.4-12.8-12.8-12.8h-22.4c-6.4 0-12.8 6.4-12.8 12.8v70.4c0 6.4 6.4 12.8 12.8 12.8z\" class=\"\"><\/path><\/svg><\/i> <img loading=\"lazy\" decoding=\"async\" width=\"16\" height=\"16\" alt=\"Loading\" src=\"https:\/\/meriller-vapeur.fr\/wp3\/wp-content\/plugins\/page-views-count\/ajax-loader-2x.gif\" border=0 \/><\/p>\n<div class=\"pvc_clear\"><\/div>\n","protected":false},"author":1,"featured_media":0,"parent":0,"menu_order":0,"comment_status":"closed","ping_status":"closed","template":"page-templates\/full-width.php","meta":{"footnotes":""},"class_list":["post-10094","page","type-page","status-publish","hentry"],"a3_pvc":{"activated":true,"total_views":648,"today_views":0},"_links":{"self":[{"href":"https:\/\/meriller-vapeur.fr\/wp3\/index.php?rest_route=\/wp\/v2\/pages\/10094","targetHints":{"allow":["GET"]}}],"collection":[{"href":"https:\/\/meriller-vapeur.fr\/wp3\/index.php?rest_route=\/wp\/v2\/pages"}],"about":[{"href":"https:\/\/meriller-vapeur.fr\/wp3\/index.php?rest_route=\/wp\/v2\/types\/page"}],"author":[{"embeddable":true,"href":"https:\/\/meriller-vapeur.fr\/wp3\/index.php?rest_route=\/wp\/v2\/users\/1"}],"replies":[{"embeddable":true,"href":"https:\/\/meriller-vapeur.fr\/wp3\/index.php?rest_route=%2Fwp%2Fv2%2Fcomments&post=10094"}],"version-history":[{"count":0,"href":"https:\/\/meriller-vapeur.fr\/wp3\/index.php?rest_route=\/wp\/v2\/pages\/10094\/revisions"}],"wp:attachment":[{"href":"https:\/\/meriller-vapeur.fr\/wp3\/index.php?rest_route=%2Fwp%2Fv2%2Fmedia&parent=10094"}],"curies":[{"name":"wp","href":"https:\/\/api.w.org\/{rel}","templated":true}]}}