{"id":10,"date":"2013-06-20T18:15:48","date_gmt":"2013-06-20T16:15:48","guid":{"rendered":"http:\/\/meriller-vapeur.fr\/wp3\/?page_id=10"},"modified":"2024-02-29T15:11:51","modified_gmt":"2024-02-29T14:11:51","slug":"presentation","status":"publish","type":"page","link":"https:\/\/meriller-vapeur.fr\/wp3\/?page_id=10","title":{"rendered":"Pr\u00e9sentation de Meriller-Vapeur 24."},"content":{"rendered":"<div id=\"attachment_1240\" style=\"width: 1086px\" class=\"wp-caption alignleft\"><a href=\"https:\/\/meriller-vapeur.fr\/wp3\/wp-content\/uploads\/2013\/06\/tendercomplet.jpg\" target=\"_blank\" rel=\"noopener noreferrer\"><img loading=\"lazy\" decoding=\"async\" aria-describedby=\"caption-attachment-1240\" class=\"wp-image-1240 size-full\" src=\"http:\/\/meriller-vapeur.fr\/wp3\/wp-content\/uploads\/2013\/06\/tendercomplet.jpg\" alt=\"Loco et tender, pr\u00e9sentation d\u00e9finitive d\u00e9cembre 2013.\" width=\"1076\" height=\"355\" srcset=\"https:\/\/meriller-vapeur.fr\/wp3\/wp-content\/uploads\/2013\/06\/tendercomplet.jpg 1076w, https:\/\/meriller-vapeur.fr\/wp3\/wp-content\/uploads\/2013\/06\/tendercomplet-300x98.jpg 300w, https:\/\/meriller-vapeur.fr\/wp3\/wp-content\/uploads\/2013\/06\/tendercomplet-1024x337.jpg 1024w\" sizes=\"auto, (max-width: 1076px) 100vw, 1076px\" \/><\/a><p id=\"caption-attachment-1240\" class=\"wp-caption-text\">Loco et tender, pr\u00e9sentation d\u00e9finitive d\u00e9cembre 2013.<\/p><\/div>\n<p style=\"text-align: center;\"><span style=\"text-decoration: underline;\"><span style=\"color: #0000ff; text-decoration: underline;\"><strong>DORDOGNE &#8211; TRAINS &#8211; PR\u00c9SENTATION DU CLUB<\/strong><\/span><\/span> <span style=\"text-decoration: underline;\"><span style=\"color: #0000ff; text-decoration: underline;\"><strong>MERILLER-VAPEUR 24 \u00a0<\/strong><\/span><\/span><span style=\"text-decoration: underline;\"><span style=\"color: #0000ff; text-decoration: underline;\"><strong>\u00e0 \u00a0COULOUNIEIX CHAMIERS.<\/strong><\/span><\/span><\/p>\n<p style=\"text-align: left;\"><strong>La commune de COULOUNIEIX-CHAMIERS,<\/strong>\u00a0implant\u00e9e en p\u00e9riph\u00e9rie de P\u00e9rigueux (Pr\u00e9fecture de la Dordogne), est intimement li\u00e9e au monde ferroviaire.<\/p>\n<p style=\"text-align: left;\"><strong>Une cinquantaine de membres <\/strong>participent aux diff\u00e9rentes activit\u00e9s du Club M\u00e9riller-Vapeur 24, dont les locaux sont implant\u00e9s dans les anciens ateliers municipaux, rue du Colonel Rossel.<\/p>\n<p style=\"text-align: justify;\">Ce Club regroupe plusieurs activit\u00e9s :<\/p>\n<ul style=\"text-align: justify;\">\n<li><strong>L&rsquo;Entretien et embellissement du rond-point de M\u00e9riller\u00a0<\/strong>sur la route de Bordeaux, o\u00f9 est expos\u00e9e une locomotive \u00e0 vapeur de type D\u00e9capod : la 150 A 65.<\/li>\n<li><strong>La R\u00e9cup\u00e9ration et classement d&rsquo;archives<\/strong>\u00a0pour conserver les traces de l&rsquo;activit\u00e9 ferroviaire de la r\u00e9gion.<\/li>\n<li><strong>La Section mod\u00e9lisme<\/strong>\u00a0qui s&rsquo;occupe de la construction d&rsquo;un r\u00e9seau fixe dans les locaux, de plusieurs r\u00e9seaux d\u00e9montables pr\u00e9sent\u00e9s aux expositions et de quelques dioramas.<\/li>\n<\/ul>\n<p style=\"text-align: justify;\">Plac\u00e9 sous la pr\u00e9sidence de <strong>Alain DEBONTRIDDER<\/strong>\u00a0ce Club vous propose diverses activit\u00e9s, le mercredi apr\u00e8s-midi et le samedi matin.\u00a0Une visite amicale aux heures d&rsquo;ouverture du Club vous permettra d&rsquo;obtenir toutes les informations et renseignements que vous souhaitez.<\/p>\n<table style=\"height: 298px;\" width=\"828\">\n<tbody>\n<tr>\n<td style=\"text-align: left;\" bgcolor=\"#CCFFCC\" width=\"100%\">\n<h3 style=\"text-align: center;\"><span style=\"text-decoration: underline;\">L\u2019ASSOCIATION\u00a0<em>(mise \u00e0 jour apr\u00e8s A.G. de janvier 2024) :<\/em><\/span><\/h3>\n<ul>\n<li><strong>PRESIDENT<\/strong> : Alain DEBONTRIDDER \u2013 \u202d\u202d06 82 40 49 89\u202c\u202c &#8211; president@meriller-vapeur.fr<\/li>\n<li><strong>VICE-PRESIDENT c<\/strong><strong>harg\u00e9 des relations ext\u00e9rieures<\/strong> : Roger MAROUBY \u2013 05 53 09 33 33 &#8211; 06 83 79 00 80 &#8211; contacts-site@meriller-vapeur.fr<\/li>\n<li><strong>Second VICE-PRESIDENT\u00a0<\/strong>: Jean-Claude DESCHAMPS &#8211; \u202d06 79 15 67 20\u202c<\/li>\n<li><strong>TRESORIER : <\/strong>Pierre PERRIER \u2013 06 32 67 19 13- tresorier@meriller-vapeur.fr<\/li>\n<li><strong>SECRETAIRE\u00a0<\/strong>: Alain HUCHER &#8211; \u00a0 06 37 10 17 20 &#8211; secretaire@meriller-vapeur.fr<\/li>\n<li><strong>SECRETAIRE<\/strong> <strong>adjoint<\/strong> : Herve\u0301 PLISSON &#8211; \u202d06 86 75 50 76\u202c<\/li>\n<li><strong>Responsable du MOD\u00c9LISME\u00a0<\/strong>:\u00a0 Christian MARCHANDISE \u2013\u00a006 15 64 26 22<\/li>\n<li><strong>Responsable du Mod\u00e9lisme\u00a0adjoint<\/strong> : Alain CONEM \u2014 06 75 38 26\u202c\u202c\u202c \u00e01<\/li>\n<li><strong>D\u00e9l\u00e9gu\u00e9 aux\u00a0TRAVAUX<\/strong>\u00a0: Gilbert URSO \u2013<strong>\u00a0<\/strong>05 53 03 26 97 \/ 06 84 23 03 83<\/li>\n<li><strong>Site Internet <\/strong>: J.Claude ROGEAU &#8211; 06 07 25 02 81 &#8211; postmaster@meriller-vapeur.fr<\/li>\n<\/ul>\n<p>(Liste mise \u00e0 jour le 29\/02\/2024 suite AG 2024)<\/td>\n<\/tr>\n<\/tbody>\n<\/table>\n<p><strong>NOS PARTENAIRES\u00a0:<\/strong><\/p>\n<ul>\n<li>Mairie de Coulounieix Chamiers<\/li>\n<li>LE GRAND PERIGUEUX.<\/li>\n<li>BOULAZAC ISLE MANOIRE<\/li>\n<li>Conseil D\u00e9partemental\u00a0de la Dordogne<\/li>\n<li>Lyc\u00e9e CLAVEILLE DE P\u00e9rigueux.<\/li>\n<li>TECHNICENTRE SNCF CHARENTE PERIGORD.<\/li>\n<\/ul>\n<p><strong>CE QUE NOUS REPR\u00c9SENTONS\u00a0:<\/strong>\u00a0Vous <a href=\"https:\/\/meriller-vapeur.fr\/wp3\/?page_id=226\">trouverez ici une analyse<\/a> en termes de fr\u00e9quentation et notori\u00e9t\u00e9 de l&rsquo;association.<\/p>\n<p><strong>L\u2019ORGANISATION de l\u2019ASSOCIATION :<\/strong><\/p>\n<ul>\n<li>division 1 : Entretien Am\u00e9nagement du rond point de MERILLER RN 2089 Coulounieix Chamiers.<\/li>\n<li>division 2 : Entretenir la m\u00e9moire cheminote de P\u00e9rigueux et du P\u00e9rigord.<\/li>\n<li>division 3 : Mod\u00e9lisme ferroviaire (1 r\u00e9seau fixe et plusieurs r\u00e9seaux transportables) \u00e9chelle principalement utilis\u00e9e HO (Half Zero 1\/87\u00e8me)<\/li>\n<\/ul>\n<p><strong>FONCTIONNEMENT :<\/strong><\/p>\n<ul>\n<li><strong>L&rsquo;ASSEMBLEE GENERALE<\/strong> a lieu une fois par an, en principe en JANVIER. Elle est compos\u00e9e de tous les adh\u00e9rents. Elle \u00e9lit le Conseil d&rsquo;Administration, approuve les comptes de l&rsquo;exercice \u00e9coul\u00e9 et vote les orientations d&rsquo;activit\u00e9s.<\/li>\n<li><strong>LE BUREAU<\/strong> d\u00e9sign\u00e9 par le\u00a0Conseil d&rsquo;Administration, se r\u00e9unit en principe une fois par mois. Il est charg\u00e9 d&rsquo;appliquer les d\u00e9cisions prises en Assembl\u00e9e G\u00e9n\u00e9rales et d&rsquo;assurer le bon fonctionnement de l&rsquo;Association.<\/li>\n<\/ul>\n<p><strong>Composition du bureau\u00a0:<\/strong><\/p>\n<ul>\n<li>1 Pr\u00e9sident<\/li>\n<li>1 ou 2 Vice-Pr\u00e9sidents<\/li>\n<li>1 Tr\u00e9sorier<\/li>\n<li>1 Tr\u00e9sorier adjoint<\/li>\n<li>1 Secr\u00e9taire<\/li>\n<li>1 Secr\u00e9taire adjoint<\/li>\n<li>1 charg\u00e9 du mod\u00e9lisme<\/li>\n<li>1 charg\u00e9 de communication et du Site internet<\/li>\n<li>\u00e9ventuellement, un ou des\u00a0charg\u00e9s de missions ponctuelles.<\/li>\n<\/ul>\n<p>__________________________<\/p>\n<pre>Page mise \u00e0 jour le 07\/02\/2023.<\/pre>\n<div class=\"pvc_clear\"><\/div>\n<p id=\"pvc_stats_10\" class=\"pvc_stats all  \" data-element-id=\"10\" style=\"\"><i class=\"pvc-stats-icon medium\" aria-hidden=\"true\"><svg aria-hidden=\"true\" focusable=\"false\" data-prefix=\"far\" data-icon=\"chart-bar\" role=\"img\" xmlns=\"http:\/\/www.w3.org\/2000\/svg\" viewBox=\"0 0 512 512\" class=\"svg-inline--fa fa-chart-bar fa-w-16 fa-2x\"><path fill=\"currentColor\" d=\"M396.8 352h22.4c6.4 0 12.8-6.4 12.8-12.8V108.8c0-6.4-6.4-12.8-12.8-12.8h-22.4c-6.4 0-12.8 6.4-12.8 12.8v230.4c0 6.4 6.4 12.8 12.8 12.8zm-192 0h22.4c6.4 0 12.8-6.4 12.8-12.8V140.8c0-6.4-6.4-12.8-12.8-12.8h-22.4c-6.4 0-12.8 6.4-12.8 12.8v198.4c0 6.4 6.4 12.8 12.8 12.8zm96 0h22.4c6.4 0 12.8-6.4 12.8-12.8V204.8c0-6.4-6.4-12.8-12.8-12.8h-22.4c-6.4 0-12.8 6.4-12.8 12.8v134.4c0 6.4 6.4 12.8 12.8 12.8zM496 400H48V80c0-8.84-7.16-16-16-16H16C7.16 64 0 71.16 0 80v336c0 17.67 14.33 32 32 32h464c8.84 0 16-7.16 16-16v-16c0-8.84-7.16-16-16-16zm-387.2-48h22.4c6.4 0 12.8-6.4 12.8-12.8v-70.4c0-6.4-6.4-12.8-12.8-12.8h-22.4c-6.4 0-12.8 6.4-12.8 12.8v70.4c0 6.4 6.4 12.8 12.8 12.8z\" class=\"\"><\/path><\/svg><\/i> <img loading=\"lazy\" decoding=\"async\" width=\"16\" height=\"16\" alt=\"Loading\" src=\"https:\/\/meriller-vapeur.fr\/wp3\/wp-content\/plugins\/page-views-count\/ajax-loader-2x.gif\" border=0 \/><\/p>\n<div class=\"pvc_clear\"><\/div>\n","protected":false},"excerpt":{"rendered":"<p>DORDOGNE &#8211; TRAINS &#8211; PR\u00c9SENTATION DU CLUB MERILLER-VAPEUR 24 \u00a0\u00e0 \u00a0COULOUNIEIX CHAMIERS. La commune de COULOUNIEIX-CHAMIERS,\u00a0implant\u00e9e en p\u00e9riph\u00e9rie de P\u00e9rigueux (Pr\u00e9fecture de la Dordogne), est intimement li\u00e9e au monde ferroviaire. Une cinquantaine de membres participent aux diff\u00e9rentes activit\u00e9s du Club M\u00e9riller-Vapeur 24, dont les locaux sont implant\u00e9s dans les anciens ateliers municipaux, rue du Colonel\u2026 <span class=\"read-more\"><a href=\"https:\/\/meriller-vapeur.fr\/wp3\/?page_id=10\">Read More &raquo;<\/a><\/span><\/p>\n<div class=\"pvc_clear\"><\/div>\n<p id=\"pvc_stats_10\" class=\"pvc_stats all  \" data-element-id=\"10\" style=\"\"><i class=\"pvc-stats-icon medium\" aria-hidden=\"true\"><svg aria-hidden=\"true\" focusable=\"false\" data-prefix=\"far\" data-icon=\"chart-bar\" role=\"img\" xmlns=\"http:\/\/www.w3.org\/2000\/svg\" viewBox=\"0 0 512 512\" class=\"svg-inline--fa fa-chart-bar fa-w-16 fa-2x\"><path fill=\"currentColor\" d=\"M396.8 352h22.4c6.4 0 12.8-6.4 12.8-12.8V108.8c0-6.4-6.4-12.8-12.8-12.8h-22.4c-6.4 0-12.8 6.4-12.8 12.8v230.4c0 6.4 6.4 12.8 12.8 12.8zm-192 0h22.4c6.4 0 12.8-6.4 12.8-12.8V140.8c0-6.4-6.4-12.8-12.8-12.8h-22.4c-6.4 0-12.8 6.4-12.8 12.8v198.4c0 6.4 6.4 12.8 12.8 12.8zm96 0h22.4c6.4 0 12.8-6.4 12.8-12.8V204.8c0-6.4-6.4-12.8-12.8-12.8h-22.4c-6.4 0-12.8 6.4-12.8 12.8v134.4c0 6.4 6.4 12.8 12.8 12.8zM496 400H48V80c0-8.84-7.16-16-16-16H16C7.16 64 0 71.16 0 80v336c0 17.67 14.33 32 32 32h464c8.84 0 16-7.16 16-16v-16c0-8.84-7.16-16-16-16zm-387.2-48h22.4c6.4 0 12.8-6.4 12.8-12.8v-70.4c0-6.4-6.4-12.8-12.8-12.8h-22.4c-6.4 0-12.8 6.4-12.8 12.8v70.4c0 6.4 6.4 12.8 12.8 12.8z\" class=\"\"><\/path><\/svg><\/i> <img loading=\"lazy\" decoding=\"async\" width=\"16\" height=\"16\" alt=\"Loading\" src=\"https:\/\/meriller-vapeur.fr\/wp3\/wp-content\/plugins\/page-views-count\/ajax-loader-2x.gif\" border=0 \/><\/p>\n<div class=\"pvc_clear\"><\/div>\n","protected":false},"author":1,"featured_media":0,"parent":0,"menu_order":0,"comment_status":"open","ping_status":"open","template":"","meta":{"footnotes":""},"class_list":["post-10","page","type-page","status-publish","hentry"],"a3_pvc":{"activated":true,"total_views":5241,"today_views":0},"_links":{"self":[{"href":"https:\/\/meriller-vapeur.fr\/wp3\/index.php?rest_route=\/wp\/v2\/pages\/10","targetHints":{"allow":["GET"]}}],"collection":[{"href":"https:\/\/meriller-vapeur.fr\/wp3\/index.php?rest_route=\/wp\/v2\/pages"}],"about":[{"href":"https:\/\/meriller-vapeur.fr\/wp3\/index.php?rest_route=\/wp\/v2\/types\/page"}],"author":[{"embeddable":true,"href":"https:\/\/meriller-vapeur.fr\/wp3\/index.php?rest_route=\/wp\/v2\/users\/1"}],"replies":[{"embeddable":true,"href":"https:\/\/meriller-vapeur.fr\/wp3\/index.php?rest_route=%2Fwp%2Fv2%2Fcomments&post=10"}],"version-history":[{"count":7,"href":"https:\/\/meriller-vapeur.fr\/wp3\/index.php?rest_route=\/wp\/v2\/pages\/10\/revisions"}],"predecessor-version":[{"id":15820,"href":"https:\/\/meriller-vapeur.fr\/wp3\/index.php?rest_route=\/wp\/v2\/pages\/10\/revisions\/15820"}],"wp:attachment":[{"href":"https:\/\/meriller-vapeur.fr\/wp3\/index.php?rest_route=%2Fwp%2Fv2%2Fmedia&parent=10"}],"curies":[{"name":"wp","href":"https:\/\/api.w.org\/{rel}","templated":true}]}}